{"id":7103,"date":"2025-06-14T23:55:39","date_gmt":"2025-06-14T21:55:39","guid":{"rendered":"https:\/\/nobrainnogain.org\/portfolio\/?post_type=product&#038;p=7103"},"modified":"2025-11-21T16:56:08","modified_gmt":"2025-11-21T14:56:08","slug":"banane-os","status":"publish","type":"product","link":"https:\/\/nobrainnogain.org\/portfolio\/boutique\/badge\/banane-os\/","title":{"rendered":"banane os"},"content":{"rendered":"<p>Badge banane os. s\u00e9rigraphi\u00e9 \u00e0 la main. 32mm .<\/p>\n","protected":false},"excerpt":{"rendered":"<p>Badge banane os. s\u00e9rigraphi\u00e9 \u00e0 la main. 32mm .<\/p>\n","protected":false},"featured_media":7104,"template":"","meta":{"jetpack_publicize_message":"","jetpack_publicize_feature_enabled":true,"jetpack_social_post_already_shared":false,"jetpack_social_options":{"image_generator_settings":{"template":"highway","default_image_id":0,"font":"","enabled":false},"version":2}},"product_brand":[],"product_cat":[54],"product_tag":[],"class_list":{"0":"post-7103","1":"product","2":"type-product","3":"status-publish","4":"has-post-thumbnail","6":"product_cat-badge","8":"first","9":"instock","10":"shipping-taxable","11":"purchasable","12":"product-type-simple"},"jetpack_publicize_connections":[],"jetpack_sharing_enabled":true,"_links":{"self":[{"href":"https:\/\/nobrainnogain.org\/portfolio\/wp-json\/wp\/v2\/product\/7103","targetHints":{"allow":["GET"]}}],"collection":[{"href":"https:\/\/nobrainnogain.org\/portfolio\/wp-json\/wp\/v2\/product"}],"about":[{"href":"https:\/\/nobrainnogain.org\/portfolio\/wp-json\/wp\/v2\/types\/product"}],"version-history":[{"count":3,"href":"https:\/\/nobrainnogain.org\/portfolio\/wp-json\/wp\/v2\/product\/7103\/revisions"}],"predecessor-version":[{"id":11883,"href":"https:\/\/nobrainnogain.org\/portfolio\/wp-json\/wp\/v2\/product\/7103\/revisions\/11883"}],"wp:featuredmedia":[{"embeddable":true,"href":"https:\/\/nobrainnogain.org\/portfolio\/wp-json\/wp\/v2\/media\/7104"}],"wp:attachment":[{"href":"https:\/\/nobrainnogain.org\/portfolio\/wp-json\/wp\/v2\/media?parent=7103"}],"wp:term":[{"taxonomy":"product_brand","embeddable":true,"href":"https:\/\/nobrainnogain.org\/portfolio\/wp-json\/wp\/v2\/product_brand?post=7103"},{"taxonomy":"product_cat","embeddable":true,"href":"https:\/\/nobrainnogain.org\/portfolio\/wp-json\/wp\/v2\/product_cat?post=7103"},{"taxonomy":"product_tag","embeddable":true,"href":"https:\/\/nobrainnogain.org\/portfolio\/wp-json\/wp\/v2\/product_tag?post=7103"}],"curies":[{"name":"wp","href":"https:\/\/api.w.org\/{rel}","templated":true}]}}