{"id":11935,"date":"2025-12-01T13:17:45","date_gmt":"2025-12-01T11:17:45","guid":{"rendered":"https:\/\/nobrainnogain.org\/portfolio\/?post_type=product&#038;p=11935"},"modified":"2025-12-01T13:21:15","modified_gmt":"2025-12-01T11:21:15","slug":"t-shirt-buster-keaton","status":"publish","type":"product","link":"https:\/\/nobrainnogain.org\/portfolio\/boutique\/t-shirt\/t-shirt-buster-keaton\/","title":{"rendered":"t shirt buster keaton"},"content":{"rendered":"<p>t shirt s\u00e9rigraphi\u00e9 \u00e0 la main comme disait buster keaton&#8230;<br \/>\ndu S au XL disponible sur commande<\/p>\n","protected":false},"excerpt":{"rendered":"<p>t shirt s\u00e9rigraphi\u00e9 \u00e0 la main comme disait buster keaton&#8230;<br \/>\ndu S au XL disponible sur commande<\/p>\n","protected":false},"featured_media":11938,"template":"","meta":{"jetpack_publicize_message":"","jetpack_publicize_feature_enabled":true,"jetpack_social_post_already_shared":true,"jetpack_social_options":{"image_generator_settings":{"template":"highway","default_image_id":0,"font":"","enabled":false},"version":2}},"product_brand":[],"product_cat":[81,66],"product_tag":[],"class_list":{"0":"post-11935","1":"product","2":"type-product","3":"status-publish","4":"has-post-thumbnail","6":"product_cat-t-shirt","7":"product_cat-serigraphie-textile","9":"first","10":"instock","11":"shipping-taxable","12":"purchasable","13":"product-type-simple"},"jetpack_publicize_connections":[],"jetpack_sharing_enabled":true,"_links":{"self":[{"href":"https:\/\/nobrainnogain.org\/portfolio\/wp-json\/wp\/v2\/product\/11935","targetHints":{"allow":["GET"]}}],"collection":[{"href":"https:\/\/nobrainnogain.org\/portfolio\/wp-json\/wp\/v2\/product"}],"about":[{"href":"https:\/\/nobrainnogain.org\/portfolio\/wp-json\/wp\/v2\/types\/product"}],"version-history":[{"count":2,"href":"https:\/\/nobrainnogain.org\/portfolio\/wp-json\/wp\/v2\/product\/11935\/revisions"}],"predecessor-version":[{"id":11937,"href":"https:\/\/nobrainnogain.org\/portfolio\/wp-json\/wp\/v2\/product\/11935\/revisions\/11937"}],"wp:featuredmedia":[{"embeddable":true,"href":"https:\/\/nobrainnogain.org\/portfolio\/wp-json\/wp\/v2\/media\/11938"}],"wp:attachment":[{"href":"https:\/\/nobrainnogain.org\/portfolio\/wp-json\/wp\/v2\/media?parent=11935"}],"wp:term":[{"taxonomy":"product_brand","embeddable":true,"href":"https:\/\/nobrainnogain.org\/portfolio\/wp-json\/wp\/v2\/product_brand?post=11935"},{"taxonomy":"product_cat","embeddable":true,"href":"https:\/\/nobrainnogain.org\/portfolio\/wp-json\/wp\/v2\/product_cat?post=11935"},{"taxonomy":"product_tag","embeddable":true,"href":"https:\/\/nobrainnogain.org\/portfolio\/wp-json\/wp\/v2\/product_tag?post=11935"}],"curies":[{"name":"wp","href":"https:\/\/api.w.org\/{rel}","templated":true}]}}