{"id":11904,"date":"2025-11-29T23:19:59","date_gmt":"2025-11-29T21:19:59","guid":{"rendered":"https:\/\/nobrainnogain.org\/portfolio\/?post_type=product&#038;p=11904"},"modified":"2025-11-29T23:29:16","modified_gmt":"2025-11-29T21:29:16","slug":"t-shirt-memento-morue","status":"publish","type":"product","link":"https:\/\/nobrainnogain.org\/portfolio\/boutique\/t-shirt\/t-shirt-memento-morue\/","title":{"rendered":"t shirt memento morue"},"content":{"rendered":"<p>t shirt s\u00e9rigraphi\u00e9 \u00e0 la main memento morue<br \/>\ndu S au XL disponible sur commande<\/p>\n","protected":false},"excerpt":{"rendered":"<p>t shirt s\u00e9rigraphi\u00e9 \u00e0 la main memento morue<br \/>\ndu S au XL\u00a0 disponible sur commande<\/p>\n","protected":false},"featured_media":11907,"template":"","meta":{"jetpack_publicize_message":"","jetpack_publicize_feature_enabled":true,"jetpack_social_post_already_shared":true,"jetpack_social_options":{"image_generator_settings":{"template":"highway","default_image_id":0,"font":"","enabled":false},"version":2}},"product_brand":[],"product_cat":[81,66],"product_tag":[],"class_list":{"0":"post-11904","1":"product","2":"type-product","3":"status-publish","4":"has-post-thumbnail","6":"product_cat-t-shirt","7":"product_cat-serigraphie-textile","9":"first","10":"instock","11":"shipping-taxable","12":"purchasable","13":"product-type-simple"},"jetpack_publicize_connections":[],"jetpack_sharing_enabled":true,"_links":{"self":[{"href":"https:\/\/nobrainnogain.org\/portfolio\/wp-json\/wp\/v2\/product\/11904","targetHints":{"allow":["GET"]}}],"collection":[{"href":"https:\/\/nobrainnogain.org\/portfolio\/wp-json\/wp\/v2\/product"}],"about":[{"href":"https:\/\/nobrainnogain.org\/portfolio\/wp-json\/wp\/v2\/types\/product"}],"version-history":[{"count":2,"href":"https:\/\/nobrainnogain.org\/portfolio\/wp-json\/wp\/v2\/product\/11904\/revisions"}],"predecessor-version":[{"id":11906,"href":"https:\/\/nobrainnogain.org\/portfolio\/wp-json\/wp\/v2\/product\/11904\/revisions\/11906"}],"wp:featuredmedia":[{"embeddable":true,"href":"https:\/\/nobrainnogain.org\/portfolio\/wp-json\/wp\/v2\/media\/11907"}],"wp:attachment":[{"href":"https:\/\/nobrainnogain.org\/portfolio\/wp-json\/wp\/v2\/media?parent=11904"}],"wp:term":[{"taxonomy":"product_brand","embeddable":true,"href":"https:\/\/nobrainnogain.org\/portfolio\/wp-json\/wp\/v2\/product_brand?post=11904"},{"taxonomy":"product_cat","embeddable":true,"href":"https:\/\/nobrainnogain.org\/portfolio\/wp-json\/wp\/v2\/product_cat?post=11904"},{"taxonomy":"product_tag","embeddable":true,"href":"https:\/\/nobrainnogain.org\/portfolio\/wp-json\/wp\/v2\/product_tag?post=11904"}],"curies":[{"name":"wp","href":"https:\/\/api.w.org\/{rel}","templated":true}]}}