{"id":11894,"date":"2025-11-29T15:59:09","date_gmt":"2025-11-29T13:59:09","guid":{"rendered":"https:\/\/nobrainnogain.org\/portfolio\/?post_type=product&#038;p=11894"},"modified":"2025-11-29T16:01:55","modified_gmt":"2025-11-29T14:01:55","slug":"ho-ho-ho-motherfucker","status":"publish","type":"product","link":"https:\/\/nobrainnogain.org\/portfolio\/boutique\/sweat\/ho-ho-ho-motherfucker\/","title":{"rendered":"ho ho ho motherfucker"},"content":{"rendered":"<p>Sweat s\u00e9rigraphi\u00e9 \u00e0 la main 2 couleurs blanc et rouge\u00a0 ho ho ho motherfucker du S au XL disponible sur commande<\/p>\n","protected":false},"excerpt":{"rendered":"<p>Sweat s\u00e9rigraphi\u00e9 banane du S au XL disponible sur commande<\/p>\n","protected":false},"featured_media":11896,"template":"","meta":{"jetpack_publicize_message":"","jetpack_publicize_feature_enabled":true,"jetpack_social_post_already_shared":true,"jetpack_social_options":{"image_generator_settings":{"template":"highway","default_image_id":0,"font":"","enabled":false},"version":2}},"product_brand":[],"product_cat":[80,66],"product_tag":[],"class_list":{"0":"post-11894","1":"product","2":"type-product","3":"status-publish","4":"has-post-thumbnail","6":"product_cat-sweat","7":"product_cat-serigraphie-textile","9":"first","10":"instock","11":"shipping-taxable","12":"purchasable","13":"product-type-simple"},"jetpack_publicize_connections":[],"jetpack_sharing_enabled":true,"_links":{"self":[{"href":"https:\/\/nobrainnogain.org\/portfolio\/wp-json\/wp\/v2\/product\/11894","targetHints":{"allow":["GET"]}}],"collection":[{"href":"https:\/\/nobrainnogain.org\/portfolio\/wp-json\/wp\/v2\/product"}],"about":[{"href":"https:\/\/nobrainnogain.org\/portfolio\/wp-json\/wp\/v2\/types\/product"}],"version-history":[{"count":1,"href":"https:\/\/nobrainnogain.org\/portfolio\/wp-json\/wp\/v2\/product\/11894\/revisions"}],"predecessor-version":[{"id":11895,"href":"https:\/\/nobrainnogain.org\/portfolio\/wp-json\/wp\/v2\/product\/11894\/revisions\/11895"}],"wp:featuredmedia":[{"embeddable":true,"href":"https:\/\/nobrainnogain.org\/portfolio\/wp-json\/wp\/v2\/media\/11896"}],"wp:attachment":[{"href":"https:\/\/nobrainnogain.org\/portfolio\/wp-json\/wp\/v2\/media?parent=11894"}],"wp:term":[{"taxonomy":"product_brand","embeddable":true,"href":"https:\/\/nobrainnogain.org\/portfolio\/wp-json\/wp\/v2\/product_brand?post=11894"},{"taxonomy":"product_cat","embeddable":true,"href":"https:\/\/nobrainnogain.org\/portfolio\/wp-json\/wp\/v2\/product_cat?post=11894"},{"taxonomy":"product_tag","embeddable":true,"href":"https:\/\/nobrainnogain.org\/portfolio\/wp-json\/wp\/v2\/product_tag?post=11894"}],"curies":[{"name":"wp","href":"https:\/\/api.w.org\/{rel}","templated":true}]}}