{"id":11878,"date":"2025-11-24T21:24:23","date_gmt":"2025-11-24T19:24:23","guid":{"rendered":"https:\/\/nobrainnogain.org\/portfolio\/?post_type=product&#038;p=11878"},"modified":"2025-11-24T21:30:22","modified_gmt":"2025-11-24T19:30:22","slug":"tote-bag-affreux-sale-bete-et-mechant","status":"publish","type":"product","link":"https:\/\/nobrainnogain.org\/portfolio\/boutique\/tote-bag\/tote-bag-affreux-sale-bete-et-mechant\/","title":{"rendered":"tote bag affreux sale b\u00eate et m\u00e9chant"},"content":{"rendered":"<p>Tote bag affreux sale b\u00eate et m\u00e9chant serigraphi\u00e9 en toile lourde 300g\/m\u00b2 encre blanche disponible sur commande<\/p>\n","protected":false},"excerpt":{"rendered":"<p>Tote bag affreux sale b\u00eate et m\u00e9chant serigraphi\u00e9 en toile lourde 300g\/m\u00b2 encre blanche disponible sur commande<\/p>\n","protected":false},"featured_media":11877,"template":"","meta":{"jetpack_publicize_message":"","jetpack_publicize_feature_enabled":true,"jetpack_social_post_already_shared":true,"jetpack_social_options":{"image_generator_settings":{"template":"highway","default_image_id":0,"font":"","enabled":false},"version":2}},"product_brand":[],"product_cat":[79,66],"product_tag":[],"class_list":{"0":"post-11878","1":"product","2":"type-product","3":"status-publish","4":"has-post-thumbnail","6":"product_cat-tote-bag","7":"product_cat-serigraphie-textile","9":"first","10":"instock","11":"shipping-taxable","12":"purchasable","13":"product-type-simple"},"jetpack_publicize_connections":[],"jetpack_sharing_enabled":true,"_links":{"self":[{"href":"https:\/\/nobrainnogain.org\/portfolio\/wp-json\/wp\/v2\/product\/11878","targetHints":{"allow":["GET"]}}],"collection":[{"href":"https:\/\/nobrainnogain.org\/portfolio\/wp-json\/wp\/v2\/product"}],"about":[{"href":"https:\/\/nobrainnogain.org\/portfolio\/wp-json\/wp\/v2\/types\/product"}],"version-history":[{"count":2,"href":"https:\/\/nobrainnogain.org\/portfolio\/wp-json\/wp\/v2\/product\/11878\/revisions"}],"predecessor-version":[{"id":11882,"href":"https:\/\/nobrainnogain.org\/portfolio\/wp-json\/wp\/v2\/product\/11878\/revisions\/11882"}],"wp:featuredmedia":[{"embeddable":true,"href":"https:\/\/nobrainnogain.org\/portfolio\/wp-json\/wp\/v2\/media\/11877"}],"wp:attachment":[{"href":"https:\/\/nobrainnogain.org\/portfolio\/wp-json\/wp\/v2\/media?parent=11878"}],"wp:term":[{"taxonomy":"product_brand","embeddable":true,"href":"https:\/\/nobrainnogain.org\/portfolio\/wp-json\/wp\/v2\/product_brand?post=11878"},{"taxonomy":"product_cat","embeddable":true,"href":"https:\/\/nobrainnogain.org\/portfolio\/wp-json\/wp\/v2\/product_cat?post=11878"},{"taxonomy":"product_tag","embeddable":true,"href":"https:\/\/nobrainnogain.org\/portfolio\/wp-json\/wp\/v2\/product_tag?post=11878"}],"curies":[{"name":"wp","href":"https:\/\/api.w.org\/{rel}","templated":true}]}}