{"id":11873,"date":"2025-11-24T18:40:32","date_gmt":"2025-11-24T16:40:32","guid":{"rendered":"https:\/\/nobrainnogain.org\/portfolio\/?post_type=product&#038;p=11873"},"modified":"2025-11-30T00:21:25","modified_gmt":"2025-11-29T22:21:25","slug":"tote-bag-buster-keaton","status":"publish","type":"product","link":"https:\/\/nobrainnogain.org\/portfolio\/boutique\/tote-bag\/tote-bag-buster-keaton\/","title":{"rendered":"tote bag buster keaton"},"content":{"rendered":"<p>tote bag comme disait Buster Keaton s\u00e9rigraphi\u00e9 \u00e0 la main en toile lourde 300g\/m\u00b2 encre blanche<\/p>\n","protected":false},"excerpt":{"rendered":"<p>tote bag comme disait Buster Keaton s\u00e9rigraphi\u00e9 \u00e0 la main en toile lourde 300g\/m\u00b2 encre blanche<\/p>\n","protected":false},"featured_media":11916,"template":"","meta":{"jetpack_publicize_message":"","jetpack_publicize_feature_enabled":true,"jetpack_social_post_already_shared":true,"jetpack_social_options":{"image_generator_settings":{"template":"highway","default_image_id":0,"font":"","enabled":false},"version":2}},"product_brand":[],"product_cat":[79,66],"product_tag":[],"class_list":{"0":"post-11873","1":"product","2":"type-product","3":"status-publish","4":"has-post-thumbnail","6":"product_cat-tote-bag","7":"product_cat-serigraphie-textile","9":"first","10":"instock","11":"shipping-taxable","12":"purchasable","13":"product-type-simple"},"jetpack_publicize_connections":[],"jetpack_sharing_enabled":true,"_links":{"self":[{"href":"https:\/\/nobrainnogain.org\/portfolio\/wp-json\/wp\/v2\/product\/11873","targetHints":{"allow":["GET"]}}],"collection":[{"href":"https:\/\/nobrainnogain.org\/portfolio\/wp-json\/wp\/v2\/product"}],"about":[{"href":"https:\/\/nobrainnogain.org\/portfolio\/wp-json\/wp\/v2\/types\/product"}],"version-history":[{"count":2,"href":"https:\/\/nobrainnogain.org\/portfolio\/wp-json\/wp\/v2\/product\/11873\/revisions"}],"predecessor-version":[{"id":11917,"href":"https:\/\/nobrainnogain.org\/portfolio\/wp-json\/wp\/v2\/product\/11873\/revisions\/11917"}],"wp:featuredmedia":[{"embeddable":true,"href":"https:\/\/nobrainnogain.org\/portfolio\/wp-json\/wp\/v2\/media\/11916"}],"wp:attachment":[{"href":"https:\/\/nobrainnogain.org\/portfolio\/wp-json\/wp\/v2\/media?parent=11873"}],"wp:term":[{"taxonomy":"product_brand","embeddable":true,"href":"https:\/\/nobrainnogain.org\/portfolio\/wp-json\/wp\/v2\/product_brand?post=11873"},{"taxonomy":"product_cat","embeddable":true,"href":"https:\/\/nobrainnogain.org\/portfolio\/wp-json\/wp\/v2\/product_cat?post=11873"},{"taxonomy":"product_tag","embeddable":true,"href":"https:\/\/nobrainnogain.org\/portfolio\/wp-json\/wp\/v2\/product_tag?post=11873"}],"curies":[{"name":"wp","href":"https:\/\/api.w.org\/{rel}","templated":true}]}}