{"id":6804,"date":"2025-06-12T13:16:52","date_gmt":"2025-06-12T11:16:52","guid":{"rendered":"https:\/\/nobrainnogain.org\/portfolio\/?page_id=6804"},"modified":"2026-04-18T21:27:45","modified_gmt":"2026-04-18T19:27:45","slug":"serigraphie","status":"publish","type":"page","link":"https:\/\/nobrainnogain.org\/portfolio\/serigraphie\/","title":{"rendered":"S\u00e9rigraphie Nantes | Textile &#038; Papier | No Brain No Gain"},"content":{"rendered":"\t\t<div data-elementor-type=\"wp-page\" data-elementor-id=\"6804\" class=\"elementor elementor-6804\">\n\t\t\t\t\t\t<section class=\"elementor-section elementor-top-section elementor-element elementor-element-e2cb0df elementor-section-full_width elementor-section-height-default elementor-section-height-default\" data-id=\"e2cb0df\" data-element_type=\"section\" data-e-type=\"section\">\n\t\t\t\t\t\t<div class=\"elementor-container elementor-column-gap-default\">\n\t\t\t\t\t<div class=\"elementor-column elementor-col-100 elementor-top-column elementor-element elementor-element-d41d5b4\" data-id=\"d41d5b4\" data-element_type=\"column\" data-e-type=\"column\">\n\t\t\t<div class=\"elementor-widget-wrap elementor-element-populated\">\n\t\t\t\t\t\t<div class=\"elementor-element elementor-element-284c23c elementor-widget elementor-widget-text-editor\" data-id=\"284c23c\" data-element_type=\"widget\" data-e-type=\"widget\" data-widget_type=\"text-editor.default\">\n\t\t\t\t<div class=\"elementor-widget-container\">\n\t\t\t\t\t\t\t\t\t<p>Vous cherchez un s\u00e9rigraphe \u00e0 Nantes pour vos projets textile ou papier ?\u00a0 Je suis No Brain No Gain, graphiste et s\u00e9rigraphe artisanal bas\u00e9 \u00e0 Nantes.\u00a0 Je r\u00e9alise des impressions \u00e9rigraphiques aux couleurs \u00e9clatantes sur tous supports : t-shirts, tote bags, affiches, cartes de visite, vinyles&#8230; Que ce soit pour une petite s\u00e9rie personnalis\u00e9e ou une production plus importante, je vous accompagne de la cr\u00e9ation du visuel jusqu&rsquo;\u00e0 l&rsquo;impression\u00a0 finale avec un rendu artisanal de qualit\u00e9.<\/p>\t\t\t\t\t\t\t\t<\/div>\n\t\t\t\t<\/div>\n\t\t\t\t\t<\/div>\n\t\t<\/div>\n\t\t\t\t\t<\/div>\n\t\t<\/section>\n\t\t\t\t<section class=\"elementor-section elementor-top-section elementor-element elementor-element-45b1dc2 elementor-section-full_width elementor-section-height-default elementor-section-height-default\" data-id=\"45b1dc2\" data-element_type=\"section\" data-e-type=\"section\">\n\t\t\t\t\t\t<div class=\"elementor-container elementor-column-gap-default\">\n\t\t\t\t\t<div class=\"elementor-column elementor-col-100 elementor-top-column elementor-element elementor-element-621257b\" data-id=\"621257b\" data-element_type=\"column\" data-e-type=\"column\">\n\t\t\t<div class=\"elementor-widget-wrap elementor-element-populated\">\n\t\t\t\t\t\t<div class=\"elementor-element elementor-element-b726620 elementor-widget elementor-widget-heading\" data-id=\"b726620\" data-element_type=\"widget\" data-e-type=\"widget\" data-widget_type=\"heading.default\">\n\t\t\t\t<div class=\"elementor-widget-container\">\n\t\t\t\t\t<h2 class=\"elementor-heading-title elementor-size-default\">S\u00e9rigraphies <br>aux couleurs  \u00e9clatantes<\/h2>\t\t\t\t<\/div>\n\t\t\t\t<\/div>\n\t\t\t\t\t<\/div>\n\t\t<\/div>\n\t\t\t\t\t<\/div>\n\t\t<\/section>\n\t\t\t\t<section class=\"elementor-section elementor-top-section elementor-element elementor-element-d9ad685 elementor-section-full_width elementor-section-height-default elementor-section-height-default\" data-id=\"d9ad685\" data-element_type=\"section\" data-e-type=\"section\">\n\t\t\t\t\t\t<div class=\"elementor-container elementor-column-gap-default\">\n\t\t\t\t\t<div class=\"elementor-column elementor-col-50 elementor-top-column elementor-element elementor-element-9542a3a\" data-id=\"9542a3a\" data-element_type=\"column\" data-e-type=\"column\">\n\t\t\t<div class=\"elementor-widget-wrap elementor-element-populated\">\n\t\t\t\t\t\t<div class=\"elementor-element elementor-element-9870433 elementor-widget elementor-widget-text-editor\" data-id=\"9870433\" data-element_type=\"widget\" data-e-type=\"widget\" data-widget_type=\"text-editor.default\">\n\t\t\t\t<div class=\"elementor-widget-container\">\n\t\t\t\t\t\t\t\t\t<div class=\"elementor-element elementor-element-45a6f88 elementor-widget elementor-widget-text-editor\" data-id=\"45a6f88\" data-element_type=\"widget\" data-widget_type=\"text-editor.default\"><div class=\"elementor-widget-container\"><h3><strong>S\u00e9rigraphie sur papier<\/strong><\/h3><p>Des impressions aux couleurs \u00e9clatantes, et sur du papier de qualit\u00e9.<\/p><ul><li>Cartes de visites<\/li><li>Affiches<\/li><li>Faire part<\/li><li>Pochettes de vinyles<\/li><\/ul><p>Je vous propose mes services de s\u00e9rigraphe pour l\u2019impression de nombreux types de papiers.<br \/>J\u2019accepte les se\u0301rigraphies en tons directs ou en quadrichromie.<br \/>Avec ou sans cre\u0301ation de visuel.<br \/>Je peux aussi cr\u00e9er ou adapter votre visuel en fonction de vos besoins.<\/p><p>Nous validons ensemble le visuel \u00e0 imprimer. Je peux vous fournir les supports papier selon vos besoins.<\/p><\/div><\/div><div class=\"elementor-element elementor-element-45a6f88 elementor-widget elementor-widget-text-editor\" data-id=\"45a6f88\" data-element_type=\"widget\" data-widget_type=\"text-editor.default\"><div class=\"elementor-widget-container\"><h4><strong>D\u00e9tails importants :<\/strong><\/h4><p>Pour comprendre votre projet et vous proposer une r\u00e9ponse adapt\u00e9e, merci de m\u2019envoyer les informations suivantes via le formulaire de contact:<\/p><ul><li>Le format d\u2019impression (ex : A3 ou 420x297mm)<\/li><li>Le nombre d\u2019exemplaires (ex : 20 exemplaires par mod\u00e8le)<\/li><li>La r\u00e9f\u00e9rence du support choisi (ex : papier kraft 300 g\/m2)<\/li><li>Le nombre de couleurs (ex : 3 couleurs dont un fluo)<\/li><li>Votre date d\u2019\u00e9ch\u00e9ance<\/li><li>Un visuel du sujet \u00e0 imprimer (format pdf, jpg, psd, ai)<\/li><\/ul><p>Vous ne connaissez pas ce proc\u00e9d\u00e9 d\u2019impression ? Je r\u00e9ponds \u00e0 vos questions sous 24 \u00e0 48 heures.<\/p><\/div><\/div>\t\t\t\t\t\t\t\t<\/div>\n\t\t\t\t<\/div>\n\t\t\t\t<div class=\"elementor-element elementor-element-edc2b06 elementor-arrows-position-inside elementor-pagination-position-outside elementor-widget elementor-widget-image-carousel\" data-id=\"edc2b06\" data-element_type=\"widget\" data-e-type=\"widget\" data-settings=\"{&quot;slides_to_show&quot;:&quot;1&quot;,&quot;navigation&quot;:&quot;both&quot;,&quot;autoplay&quot;:&quot;yes&quot;,&quot;pause_on_hover&quot;:&quot;yes&quot;,&quot;pause_on_interaction&quot;:&quot;yes&quot;,&quot;autoplay_speed&quot;:5000,&quot;infinite&quot;:&quot;yes&quot;,&quot;effect&quot;:&quot;slide&quot;,&quot;speed&quot;:500}\" data-widget_type=\"image-carousel.default\">\n\t\t\t\t<div class=\"elementor-widget-container\">\n\t\t\t\t\t\t\t<div class=\"elementor-image-carousel-wrapper swiper\" role=\"region\" aria-roledescription=\"carousel\" aria-label=\"Carrousel d\u2019images\" dir=\"ltr\">\n\t\t\t<div class=\"elementor-image-carousel swiper-wrapper\" aria-live=\"off\">\n\t\t\t\t\t\t\t\t<div class=\"swiper-slide\" role=\"group\" aria-roledescription=\"slide\" aria-label=\"1 sur 11\"><figure class=\"swiper-slide-inner\"><img decoding=\"async\" class=\"swiper-slide-image\" src=\"https:\/\/i0.wp.com\/nobrainnogain.org\/portfolio\/wp-content\/uploads\/2025\/08\/mockup-hellvetica-copie.webp?fit=768%2C768&amp;ssl=1\" alt=\"hellvetica\" title=\"\"><\/figure><\/div><div class=\"swiper-slide\" role=\"group\" aria-roledescription=\"slide\" aria-label=\"2 sur 11\"><figure class=\"swiper-slide-inner\"><img decoding=\"async\" class=\"swiper-slide-image\" src=\"https:\/\/i0.wp.com\/nobrainnogain.org\/portfolio\/wp-content\/uploads\/2025\/08\/mockup-logo-tous-en-mer-copie.webp?fit=768%2C768&amp;ssl=1\" alt=\"tous en mer\" title=\"\"><\/figure><\/div><div class=\"swiper-slide\" role=\"group\" aria-roledescription=\"slide\" aria-label=\"3 sur 11\"><figure class=\"swiper-slide-inner\"><img decoding=\"async\" class=\"swiper-slide-image\" src=\"https:\/\/i0.wp.com\/nobrainnogain.org\/portfolio\/wp-content\/uploads\/2025\/08\/pack_of_black_t_shirt_tote_bag_and_mug_mockup-copie.webp?fit=768%2C768&amp;ssl=1\" alt=\"Comme disait buster keaton\" title=\"\"><\/figure><\/div><div class=\"swiper-slide\" role=\"group\" aria-roledescription=\"slide\" aria-label=\"4 sur 11\"><figure class=\"swiper-slide-inner\"><img decoding=\"async\" class=\"swiper-slide-image\" src=\"https:\/\/i0.wp.com\/nobrainnogain.org\/portfolio\/wp-content\/uploads\/2025\/08\/original.webp?fit=768%2C768&amp;ssl=1\" alt=\"original gangster\" title=\"\"><\/figure><\/div><div class=\"swiper-slide\" role=\"group\" aria-roledescription=\"slide\" aria-label=\"5 sur 11\"><figure class=\"swiper-slide-inner\"><img decoding=\"async\" class=\"swiper-slide-image\" src=\"https:\/\/i0.wp.com\/nobrainnogain.org\/portfolio\/wp-content\/uploads\/2025\/08\/bal-des-varietiste.webp?fit=768%2C768&amp;ssl=1\" alt=\"bal des varietistes\" title=\"\"><\/figure><\/div><div class=\"swiper-slide\" role=\"group\" aria-roledescription=\"slide\" aria-label=\"6 sur 11\"><figure class=\"swiper-slide-inner\"><img decoding=\"async\" class=\"swiper-slide-image\" src=\"https:\/\/i0.wp.com\/nobrainnogain.org\/portfolio\/wp-content\/uploads\/2025\/08\/miskatonic.webp?fit=768%2C768&amp;ssl=1\" alt=\"miskatonic university\" title=\"\"><\/figure><\/div><div class=\"swiper-slide\" role=\"group\" aria-roledescription=\"slide\" aria-label=\"7 sur 11\"><figure class=\"swiper-slide-inner\"><img decoding=\"async\" class=\"swiper-slide-image\" src=\"https:\/\/i0.wp.com\/nobrainnogain.org\/portfolio\/wp-content\/uploads\/2025\/08\/t-shirt-titan.webp?fit=768%2C768&amp;ssl=1\" alt=\"t shirt titan\" title=\"\"><\/figure><\/div><div class=\"swiper-slide\" role=\"group\" aria-roledescription=\"slide\" aria-label=\"8 sur 11\"><figure class=\"swiper-slide-inner\"><img decoding=\"async\" class=\"swiper-slide-image\" src=\"https:\/\/i0.wp.com\/nobrainnogain.org\/portfolio\/wp-content\/uploads\/2025\/08\/mi-clous-mi-vices.webp?fit=768%2C768&amp;ssl=1\" alt=\"mi clous mi vices\" title=\"\"><\/figure><\/div><div class=\"swiper-slide\" role=\"group\" aria-roledescription=\"slide\" aria-label=\"9 sur 11\"><figure class=\"swiper-slide-inner\"><img decoding=\"async\" class=\"swiper-slide-image\" src=\"https:\/\/i0.wp.com\/nobrainnogain.org\/portfolio\/wp-content\/uploads\/2025\/08\/affreux-sale-bete-et-mechant-1-1.webp?fit=768%2C768&amp;ssl=1\" alt=\"affreux sale bete et mechant\" title=\"\"><\/figure><\/div><div class=\"swiper-slide\" role=\"group\" aria-roledescription=\"slide\" aria-label=\"10 sur 11\"><figure class=\"swiper-slide-inner\"><img decoding=\"async\" class=\"swiper-slide-image\" src=\"https:\/\/i0.wp.com\/nobrainnogain.org\/portfolio\/wp-content\/uploads\/2025\/08\/get-inked-or-die-naked-1.webp?fit=768%2C768&amp;ssl=1\" alt=\"get inked or die naked\" title=\"\"><\/figure><\/div><div class=\"swiper-slide\" role=\"group\" aria-roledescription=\"slide\" aria-label=\"11 sur 11\"><figure class=\"swiper-slide-inner\"><img decoding=\"async\" class=\"swiper-slide-image\" src=\"https:\/\/i0.wp.com\/nobrainnogain.org\/portfolio\/wp-content\/uploads\/2025\/11\/mockup-back_black_hoodie-copie-2.webp?fit=768%2C960&amp;ssl=1\" alt=\"ho ho ho motherfucker\" title=\"\"><\/figure><\/div>\t\t\t<\/div>\n\t\t\t\t\t\t\t\t\t\t\t\t<div class=\"elementor-swiper-button elementor-swiper-button-prev\" role=\"button\" tabindex=\"0\">\n\t\t\t\t\t\t<svg aria-hidden=\"true\" class=\"e-font-icon-svg e-eicon-chevron-left\" viewBox=\"0 0 1000 1000\" xmlns=\"http:\/\/www.w3.org\/2000\/svg\"><path d=\"M646 125C629 125 613 133 604 142L308 442C296 454 292 471 292 487 292 504 296 521 308 533L604 854C617 867 629 875 646 875 663 875 679 871 692 858 704 846 713 829 713 812 713 796 708 779 692 767L438 487 692 225C700 217 708 204 708 187 708 171 704 154 692 142 675 129 663 125 646 125Z\"><\/path><\/svg>\t\t\t\t\t<\/div>\n\t\t\t\t\t<div class=\"elementor-swiper-button elementor-swiper-button-next\" role=\"button\" tabindex=\"0\">\n\t\t\t\t\t\t<svg aria-hidden=\"true\" class=\"e-font-icon-svg e-eicon-chevron-right\" viewBox=\"0 0 1000 1000\" xmlns=\"http:\/\/www.w3.org\/2000\/svg\"><path d=\"M696 533C708 521 713 504 713 487 713 471 708 454 696 446L400 146C388 133 375 125 354 125 338 125 325 129 313 142 300 154 292 171 292 187 292 204 296 221 308 233L563 492 304 771C292 783 288 800 288 817 288 833 296 850 308 863 321 871 338 875 354 875 371 875 388 867 400 854L696 533Z\"><\/path><\/svg>\t\t\t\t\t<\/div>\n\t\t\t\t\n\t\t\t\t\t\t\t\t\t<div class=\"swiper-pagination\"><\/div>\n\t\t\t\t\t\t\t\t\t<\/div>\n\t\t\t\t\t\t<\/div>\n\t\t\t\t<\/div>\n\t\t\t\t\t<\/div>\n\t\t<\/div>\n\t\t\t\t<div class=\"elementor-column elementor-col-50 elementor-top-column elementor-element elementor-element-65dace6\" data-id=\"65dace6\" data-element_type=\"column\" data-e-type=\"column\">\n\t\t\t<div class=\"elementor-widget-wrap elementor-element-populated\">\n\t\t\t\t\t\t<div class=\"elementor-element elementor-element-8dacbcf elementor-arrows-position-inside elementor-pagination-position-outside elementor-widget elementor-widget-image-carousel\" data-id=\"8dacbcf\" data-element_type=\"widget\" data-e-type=\"widget\" data-settings=\"{&quot;slides_to_show&quot;:&quot;1&quot;,&quot;navigation&quot;:&quot;both&quot;,&quot;autoplay&quot;:&quot;yes&quot;,&quot;pause_on_hover&quot;:&quot;yes&quot;,&quot;pause_on_interaction&quot;:&quot;yes&quot;,&quot;autoplay_speed&quot;:5000,&quot;infinite&quot;:&quot;yes&quot;,&quot;effect&quot;:&quot;slide&quot;,&quot;speed&quot;:500}\" data-widget_type=\"image-carousel.default\">\n\t\t\t\t<div class=\"elementor-widget-container\">\n\t\t\t\t\t\t\t<div class=\"elementor-image-carousel-wrapper swiper\" role=\"region\" aria-roledescription=\"carousel\" aria-label=\"Carrousel d\u2019images\" dir=\"ltr\">\n\t\t\t<div class=\"elementor-image-carousel swiper-wrapper\" aria-live=\"off\">\n\t\t\t\t\t\t\t\t<div class=\"swiper-slide\" role=\"group\" aria-roledescription=\"slide\" aria-label=\"1 sur 13\"><figure class=\"swiper-slide-inner\"><img decoding=\"async\" class=\"swiper-slide-image\" src=\"https:\/\/i0.wp.com\/nobrainnogain.org\/portfolio\/wp-content\/uploads\/2025\/06\/nudistes-2.webp?fit=800%2C531&amp;ssl=1\" alt=\"nudistes-2\" title=\"\"><\/figure><\/div><div class=\"swiper-slide\" role=\"group\" aria-roledescription=\"slide\" aria-label=\"2 sur 13\"><figure class=\"swiper-slide-inner\"><img decoding=\"async\" class=\"swiper-slide-image\" src=\"https:\/\/i0.wp.com\/nobrainnogain.org\/portfolio\/wp-content\/uploads\/2025\/06\/nudiste-6.webp?fit=800%2C531&amp;ssl=1\" alt=\"nudiste-6\" title=\"\"><\/figure><\/div><div class=\"swiper-slide\" role=\"group\" aria-roledescription=\"slide\" aria-label=\"3 sur 13\"><figure class=\"swiper-slide-inner\"><img decoding=\"async\" class=\"swiper-slide-image\" src=\"https:\/\/i0.wp.com\/nobrainnogain.org\/portfolio\/wp-content\/uploads\/2025\/06\/nudiste-6-1.webp?fit=800%2C531&amp;ssl=1\" alt=\"nudiste-6-1\" title=\"\"><\/figure><\/div><div class=\"swiper-slide\" role=\"group\" aria-roledescription=\"slide\" aria-label=\"4 sur 13\"><figure class=\"swiper-slide-inner\"><img decoding=\"async\" class=\"swiper-slide-image\" src=\"https:\/\/i0.wp.com\/nobrainnogain.org\/portfolio\/wp-content\/uploads\/2025\/06\/carte-posthume-asap.webp?fit=800%2C531&amp;ssl=1\" alt=\"carte-posthume-asap\" title=\"\"><\/figure><\/div><div class=\"swiper-slide\" role=\"group\" aria-roledescription=\"slide\" aria-label=\"5 sur 13\"><figure class=\"swiper-slide-inner\"><img decoding=\"async\" class=\"swiper-slide-image\" src=\"https:\/\/i0.wp.com\/nobrainnogain.org\/portfolio\/wp-content\/uploads\/2025\/06\/nudiste-8.webp?fit=800%2C531&amp;ssl=1\" alt=\"nudiste-8\" title=\"\"><\/figure><\/div><div class=\"swiper-slide\" role=\"group\" aria-roledescription=\"slide\" aria-label=\"6 sur 13\"><figure class=\"swiper-slide-inner\"><img decoding=\"async\" class=\"swiper-slide-image\" src=\"https:\/\/i0.wp.com\/nobrainnogain.org\/portfolio\/wp-content\/uploads\/2025\/06\/nudiste-7.webp?fit=800%2C531&amp;ssl=1\" alt=\"nudiste-7\" title=\"\"><\/figure><\/div><div class=\"swiper-slide\" role=\"group\" aria-roledescription=\"slide\" aria-label=\"7 sur 13\"><figure class=\"swiper-slide-inner\"><img decoding=\"async\" class=\"swiper-slide-image\" src=\"https:\/\/i0.wp.com\/nobrainnogain.org\/portfolio\/wp-content\/uploads\/2025\/06\/nudiste-5.webp?fit=800%2C531&amp;ssl=1\" alt=\"nudiste-5\" title=\"\"><\/figure><\/div><div class=\"swiper-slide\" role=\"group\" aria-roledescription=\"slide\" aria-label=\"8 sur 13\"><figure class=\"swiper-slide-inner\"><img decoding=\"async\" class=\"swiper-slide-image\" src=\"https:\/\/i0.wp.com\/nobrainnogain.org\/portfolio\/wp-content\/uploads\/2025\/06\/macron.webp?fit=800%2C531&amp;ssl=1\" alt=\"macron\" title=\"\"><\/figure><\/div><div class=\"swiper-slide\" role=\"group\" aria-roledescription=\"slide\" aria-label=\"9 sur 13\"><figure class=\"swiper-slide-inner\"><img decoding=\"async\" class=\"swiper-slide-image\" src=\"https:\/\/i0.wp.com\/nobrainnogain.org\/portfolio\/wp-content\/uploads\/2025\/06\/aie.webp?fit=800%2C531&amp;ssl=1\" alt=\"aie\" title=\"\"><\/figure><\/div><div class=\"swiper-slide\" role=\"group\" aria-roledescription=\"slide\" aria-label=\"10 sur 13\"><figure class=\"swiper-slide-inner\"><img decoding=\"async\" class=\"swiper-slide-image\" src=\"https:\/\/i0.wp.com\/nobrainnogain.org\/portfolio\/wp-content\/uploads\/2025\/06\/want-meth-alice.webp?fit=800%2C531&amp;ssl=1\" alt=\"want-meth-alice....\" title=\"\"><\/figure><\/div><div class=\"swiper-slide\" role=\"group\" aria-roledescription=\"slide\" aria-label=\"11 sur 13\"><figure class=\"swiper-slide-inner\"><img decoding=\"async\" class=\"swiper-slide-image\" src=\"https:\/\/i0.wp.com\/nobrainnogain.org\/portfolio\/wp-content\/uploads\/2025\/06\/caporal-trou-de-balle.webp?fit=800%2C561&amp;ssl=1\" alt=\"caporal-trou-de-balle\" title=\"\"><\/figure><\/div><div class=\"swiper-slide\" role=\"group\" aria-roledescription=\"slide\" aria-label=\"12 sur 13\"><figure class=\"swiper-slide-inner\"><img decoding=\"async\" class=\"swiper-slide-image\" src=\"https:\/\/i0.wp.com\/nobrainnogain.org\/portfolio\/wp-content\/uploads\/2025\/06\/bon-shit-bon-genre.webp?fit=800%2C531&amp;ssl=1\" alt=\"bon-shit-bon-genre\" title=\"\"><\/figure><\/div><div class=\"swiper-slide\" role=\"group\" aria-roledescription=\"slide\" aria-label=\"13 sur 13\"><figure class=\"swiper-slide-inner\"><img decoding=\"async\" class=\"swiper-slide-image\" src=\"https:\/\/i0.wp.com\/nobrainnogain.org\/portfolio\/wp-content\/uploads\/2025\/06\/Lets-Pretend.webp?fit=800%2C531&amp;ssl=1\" alt=\"Lets-Pretend\" title=\"\"><\/figure><\/div>\t\t\t<\/div>\n\t\t\t\t\t\t\t\t\t\t\t\t<div class=\"elementor-swiper-button elementor-swiper-button-prev\" role=\"button\" tabindex=\"0\">\n\t\t\t\t\t\t<svg aria-hidden=\"true\" class=\"e-font-icon-svg e-eicon-chevron-left\" viewBox=\"0 0 1000 1000\" xmlns=\"http:\/\/www.w3.org\/2000\/svg\"><path d=\"M646 125C629 125 613 133 604 142L308 442C296 454 292 471 292 487 292 504 296 521 308 533L604 854C617 867 629 875 646 875 663 875 679 871 692 858 704 846 713 829 713 812 713 796 708 779 692 767L438 487 692 225C700 217 708 204 708 187 708 171 704 154 692 142 675 129 663 125 646 125Z\"><\/path><\/svg>\t\t\t\t\t<\/div>\n\t\t\t\t\t<div class=\"elementor-swiper-button elementor-swiper-button-next\" role=\"button\" tabindex=\"0\">\n\t\t\t\t\t\t<svg aria-hidden=\"true\" class=\"e-font-icon-svg e-eicon-chevron-right\" viewBox=\"0 0 1000 1000\" xmlns=\"http:\/\/www.w3.org\/2000\/svg\"><path d=\"M696 533C708 521 713 504 713 487 713 471 708 454 696 446L400 146C388 133 375 125 354 125 338 125 325 129 313 142 300 154 292 171 292 187 292 204 296 221 308 233L563 492 304 771C292 783 288 800 288 817 288 833 296 850 308 863 321 871 338 875 354 875 371 875 388 867 400 854L696 533Z\"><\/path><\/svg>\t\t\t\t\t<\/div>\n\t\t\t\t\n\t\t\t\t\t\t\t\t\t<div class=\"swiper-pagination\"><\/div>\n\t\t\t\t\t\t\t\t\t<\/div>\n\t\t\t\t\t\t<\/div>\n\t\t\t\t<\/div>\n\t\t\t\t<div class=\"elementor-element elementor-element-78cb134 elementor-widget elementor-widget-heading\" data-id=\"78cb134\" data-element_type=\"widget\" data-e-type=\"widget\" data-widget_type=\"heading.default\">\n\t\t\t\t<div class=\"elementor-widget-container\">\n\t\t\t\t\t<h2 class=\"elementor-heading-title elementor-size-default\">S\u00e9rigraphie sur textile<\/h2>\t\t\t\t<\/div>\n\t\t\t\t<\/div>\n\t\t\t\t<div class=\"elementor-element elementor-element-a1a918f elementor-widget elementor-widget-text-editor\" data-id=\"a1a918f\" data-element_type=\"widget\" data-e-type=\"widget\" data-widget_type=\"text-editor.default\">\n\t\t\t\t<div class=\"elementor-widget-container\">\n\t\t\t\t\t\t\t\t\t<div class=\"elementor-element elementor-element-45a6f88 elementor-widget elementor-widget-text-editor\" data-id=\"45a6f88\" data-element_type=\"widget\" data-widget_type=\"text-editor.default\"><p>Tote bag, t shirt, sweat, polo&#8230; et si vous vous d\u00e9marquiez avec vos v\u00eatements ?\u00a0 .\u00a0<\/p><p>Je vous propose mes services de s\u00e9rigraphe pour l\u2019impression de nombreux types de v\u00eatement ou goodies .<br \/>J\u2019accepte les se\u0301rigraphies en tons directs ou en <a href=\"https:\/\/fr.wikipedia.org\/wiki\/Quadrichromie\" target=\"_blank\" rel=\"noopener\">quadrichromie<\/a>.<br \/>Avec ou sans cre\u0301ation de visuel.<br \/>Je peux aussi cr\u00e9er ou adapter votre visuel en fonction de vos besoins.<\/p><p>Nous validons ensemble le visuel \u00e0 imprimer. Je peux vous fournir les supports textiles selon vos besoins.<\/p><h6>\u00a0<\/h6><\/div>\t\t\t\t\t\t\t\t<\/div>\n\t\t\t\t<\/div>\n\t\t\t\t<div class=\"elementor-element elementor-element-a307f39 elementor-widget elementor-widget-heading\" data-id=\"a307f39\" data-element_type=\"widget\" data-e-type=\"widget\" data-widget_type=\"heading.default\">\n\t\t\t\t<div class=\"elementor-widget-container\">\n\t\t\t\t\t<h4 class=\"elementor-heading-title elementor-size-default\">Vous ne savez pas comment exprimer votre besoin ? <br>Demandez \u00e0 \u00eatre rappel\u00e9 !<\/h4>\t\t\t\t<\/div>\n\t\t\t\t<\/div>\n\t\t\t\t<section class=\"elementor-section elementor-inner-section elementor-element elementor-element-3f73c66 elementor-section-boxed elementor-section-height-default elementor-section-height-default\" data-id=\"3f73c66\" data-element_type=\"section\" data-e-type=\"section\">\n\t\t\t\t\t\t<div class=\"elementor-container elementor-column-gap-default\">\n\t\t\t\t\t<div class=\"elementor-column elementor-col-33 elementor-inner-column elementor-element elementor-element-40a5732\" data-id=\"40a5732\" data-element_type=\"column\" data-e-type=\"column\">\n\t\t\t<div class=\"elementor-widget-wrap elementor-element-populated\">\n\t\t\t\t\t\t<div class=\"elementor-element elementor-element-4cb3ec1 premium-lq__none elementor-widget elementor-widget-premium-addon-button\" data-id=\"4cb3ec1\" data-element_type=\"widget\" data-e-type=\"widget\" data-widget_type=\"premium-addon-button.default\">\n\t\t\t\t<div class=\"elementor-widget-container\">\n\t\t\t\t\t\n\n\t\t<a class=\"premium-button premium-button-none premium-btn-block premium-button-none\" href=\"https:\/\/nobrainnogain.org\/portfolio\/devis\/\">\n\t\t\t<div class=\"premium-button-text-icon-wrapper\">\n\t\t\t\t\n\t\t\t\t\t\t\t\t\t<span >\n\t\t\t\t\t\tContactez moi\t\t\t\t\t<\/span>\n\t\t\t\t\t\t\t<\/div>\n\n\t\t\t\n\t\t\t\n\t\t\t\n\t\t<\/a>\n\n\n\t\t\t\t\t\t<\/div>\n\t\t\t\t<\/div>\n\t\t\t\t\t<\/div>\n\t\t<\/div>\n\t\t\t\t<div class=\"elementor-column elementor-col-33 elementor-inner-column elementor-element elementor-element-fd63763\" data-id=\"fd63763\" data-element_type=\"column\" data-e-type=\"column\">\n\t\t\t<div class=\"elementor-widget-wrap elementor-element-populated\">\n\t\t\t\t\t\t<div class=\"elementor-element elementor-element-b82f1dc premium-lq__none elementor-widget elementor-widget-premium-addon-button\" data-id=\"b82f1dc\" data-element_type=\"widget\" data-e-type=\"widget\" data-widget_type=\"premium-addon-button.default\">\n\t\t\t\t<div class=\"elementor-widget-container\">\n\t\t\t\t\t\n\n\t\t<a class=\"premium-button premium-button-none premium-btn-block premium-button-none\" href=\"https:\/\/nobrainnogain.org\/portfolio\/devis\/\">\n\t\t\t<div class=\"premium-button-text-icon-wrapper\">\n\t\t\t\t\n\t\t\t\t\t\t\t\t\t<span >\n\t\t\t\t\t\tDemander un devis\t\t\t\t\t<\/span>\n\t\t\t\t\t\t\t<\/div>\n\n\t\t\t\n\t\t\t\n\t\t\t\n\t\t<\/a>\n\n\n\t\t\t\t\t\t<\/div>\n\t\t\t\t<\/div>\n\t\t\t\t\t<\/div>\n\t\t<\/div>\n\t\t\t\t<div class=\"elementor-column elementor-col-33 elementor-inner-column elementor-element elementor-element-e0dc426\" data-id=\"e0dc426\" data-element_type=\"column\" data-e-type=\"column\">\n\t\t\t<div class=\"elementor-widget-wrap elementor-element-populated\">\n\t\t\t\t\t\t<div class=\"elementor-element elementor-element-45a008f premium-lq__none elementor-widget elementor-widget-premium-addon-button\" data-id=\"45a008f\" data-element_type=\"widget\" data-e-type=\"widget\" data-widget_type=\"premium-addon-button.default\">\n\t\t\t\t<div class=\"elementor-widget-container\">\n\t\t\t\t\t\n\n\t\t<a class=\"premium-button premium-button-none premium-btn-block premium-button-none\" href=\"https:\/\/nobrainnogain.org\/portfolio\/tout-les-projet\/\">\n\t\t\t<div class=\"premium-button-text-icon-wrapper\">\n\t\t\t\t\n\t\t\t\t\t\t\t\t\t<span >\n\t\t\t\t\t\tVoir tout<br>les travaux \t\t\t\t\t<\/span>\n\t\t\t\t\t\t\t<\/div>\n\n\t\t\t\n\t\t\t\n\t\t\t\n\t\t<\/a>\n\n\n\t\t\t\t\t\t<\/div>\n\t\t\t\t<\/div>\n\t\t\t\t\t<\/div>\n\t\t<\/div>\n\t\t\t\t\t<\/div>\n\t\t<\/section>\n\t\t\t\t\t<\/div>\n\t\t<\/div>\n\t\t\t\t\t<\/div>\n\t\t<\/section>\n\t\t\t\t<\/div>\n\t\t","protected":false},"excerpt":{"rendered":"<p>Vous cherchez un s\u00e9rigraphe \u00e0 Nantes pour vos projets textile ou papier ?\u00a0 Je suis No Brain No Gain, graphiste et s\u00e9rigraphe artisanal bas\u00e9 \u00e0 Nantes.\u00a0 Je r\u00e9alise des impressions \u00e9rigraphiques aux couleurs \u00e9clatantes sur tous supports : t-shirts, tote bags, affiches, cartes de visite, vinyles&#8230; Que ce soit pour une petite s\u00e9rie personnalis\u00e9e ou [&hellip;]<\/p>\n","protected":false},"author":1,"featured_media":6847,"parent":0,"menu_order":0,"comment_status":"closed","ping_status":"closed","template":"","meta":{"footnotes":""},"class_list":["post-6804","page","type-page","status-publish","has-post-thumbnail","hentry"],"jetpack_sharing_enabled":true,"_links":{"self":[{"href":"https:\/\/nobrainnogain.org\/portfolio\/wp-json\/wp\/v2\/pages\/6804","targetHints":{"allow":["GET"]}}],"collection":[{"href":"https:\/\/nobrainnogain.org\/portfolio\/wp-json\/wp\/v2\/pages"}],"about":[{"href":"https:\/\/nobrainnogain.org\/portfolio\/wp-json\/wp\/v2\/types\/page"}],"author":[{"embeddable":true,"href":"https:\/\/nobrainnogain.org\/portfolio\/wp-json\/wp\/v2\/users\/1"}],"replies":[{"embeddable":true,"href":"https:\/\/nobrainnogain.org\/portfolio\/wp-json\/wp\/v2\/comments?post=6804"}],"version-history":[{"count":2,"href":"https:\/\/nobrainnogain.org\/portfolio\/wp-json\/wp\/v2\/pages\/6804\/revisions"}],"predecessor-version":[{"id":13910,"href":"https:\/\/nobrainnogain.org\/portfolio\/wp-json\/wp\/v2\/pages\/6804\/revisions\/13910"}],"wp:featuredmedia":[{"embeddable":true,"href":"https:\/\/nobrainnogain.org\/portfolio\/wp-json\/wp\/v2\/media\/6847"}],"wp:attachment":[{"href":"https:\/\/nobrainnogain.org\/portfolio\/wp-json\/wp\/v2\/media?parent=6804"}],"curies":[{"name":"wp","href":"https:\/\/api.w.org\/{rel}","templated":true}]}}