{"id":530,"date":"2020-10-23T15:28:42","date_gmt":"2020-10-23T15:28:42","guid":{"rendered":"https:\/\/nobrainnogain.org\/portfolio\/?page_id=530"},"modified":"2026-03-28T12:12:44","modified_gmt":"2026-03-28T10:12:44","slug":"contact-graphiste-nantes","status":"publish","type":"page","link":"https:\/\/nobrainnogain.org\/portfolio\/contact-graphiste-nantes\/","title":{"rendered":"Contact Graphiste Cr\u00e9atif Webdesigner S\u00e9rigraphie Nantes"},"content":{"rendered":"\t\t<div data-elementor-type=\"wp-page\" data-elementor-id=\"530\" class=\"elementor elementor-530\">\n\t\t\t\t\t\t<section class=\"elementor-section elementor-top-section elementor-element elementor-element-663234a elementor-section-full_width elementor-section-height-default elementor-section-height-default\" data-id=\"663234a\" data-element_type=\"section\" data-e-type=\"section\">\n\t\t\t\t\t\t<div class=\"elementor-container elementor-column-gap-default\">\n\t\t\t\t\t<div class=\"elementor-column elementor-col-25 elementor-top-column elementor-element elementor-element-ed84427\" data-id=\"ed84427\" data-element_type=\"column\" data-e-type=\"column\">\n\t\t\t<div class=\"elementor-widget-wrap\">\n\t\t\t\t\t\t\t<\/div>\n\t\t<\/div>\n\t\t\t\t<div class=\"elementor-column elementor-col-25 elementor-top-column elementor-element elementor-element-4917ae0\" data-id=\"4917ae0\" data-element_type=\"column\" data-e-type=\"column\">\n\t\t\t<div class=\"elementor-widget-wrap elementor-element-populated\">\n\t\t\t\t\t\t<div class=\"elementor-element elementor-element-c4fbdd6 elementor-invisible elementor-widget elementor-widget-heading\" data-id=\"c4fbdd6\" data-element_type=\"widget\" data-e-type=\"widget\" data-settings=\"{&quot;_animation&quot;:&quot;fadeInLeft&quot;}\" data-widget_type=\"heading.default\">\n\t\t\t\t<div class=\"elementor-widget-container\">\n\t\t\t\t\t<h2 class=\"elementor-heading-title elementor-size-default\">Graphiste<br>\u00e0 Nantes<\/h2>\t\t\t\t<\/div>\n\t\t\t\t<\/div>\n\t\t\t\t<div class=\"elementor-element elementor-element-32d7518 elementor-invisible elementor-widget elementor-widget-text-editor\" data-id=\"32d7518\" data-element_type=\"widget\" data-e-type=\"widget\" data-settings=\"{&quot;_animation&quot;:&quot;fadeInUp&quot;}\" data-widget_type=\"text-editor.default\">\n\t\t\t\t<div class=\"elementor-widget-container\">\n\t\t\t\t\t\t\t\t\t<h4 data-start=\"151\" data-end=\"224\">Un projet\u202f?<\/h4><ul><li data-start=\"226\" data-end=\"537\"><strong>\u00a0cr\u00e9ation d\u2019identit\u00e9 de marque<\/strong><\/li><li data-start=\"226\" data-end=\"537\"><strong> la conception de supports de communication<\/strong><\/li><li data-start=\"226\" data-end=\"537\"><strong>la mise en page de documents<\/strong><\/li><li data-start=\"226\" data-end=\"537\"><strong>cr\u00e9ation de site web <\/strong><\/li><li data-start=\"226\" data-end=\"537\"><strong>illustrations sur-mesure<\/strong><\/li><\/ul><p data-start=\"226\" data-end=\"537\">je serais heureux d\u2019\u00e9changer avec vous et de vous accompagner \u00e0 chaque \u00e9tape de votre projet.<\/p><h5 data-start=\"894\" data-end=\"1190\"><strong>Mon approche cr\u00e9ative repose avant tout sur l\u2019\u00e9coute.<\/strong><\/h5><p data-start=\"894\" data-end=\"1190\">Je prends le temps de comprendre votre projet, votre univers, vos valeurs et vos objectifs. Chaque demande est unique, et je m\u2019attache \u00e0 proposer des solutions cr\u00e9atives, pertinentes et sur mesure, en lien direct avec votre strat\u00e9gie de communication.<\/p><p data-start=\"1192\" data-end=\"1679\">Vous souhaitez refondre votre logo, concevoir une identit\u00e9 visuelle coh\u00e9rente, ou simplement moderniser vos supports existants ? Vous avez besoin d\u2019un flyer, d\u2019un catalogue, d\u2019un packaging, d\u2019une affiche, d\u2019un kakemono ou d\u2019un habillage pour les r\u00e9seaux sociaux ? Vous avez envie de cr\u00e9er un site vitrine, une landing page ou une charte graphique web adapt\u00e9e \u00e0 votre image ?\u00a0Ou peut-\u00eatre, cherchez-vous un univers illustr\u00e9 original pour donner du caract\u00e8re \u00e0 votre communication ?<\/p><p data-start=\"1768\" data-end=\"2187\">Une bonne communication visuelle renforce la cr\u00e9dibilit\u00e9 de votre marque, elle capte l\u2019attention, elle inspire confiance et elle donne envie d\u2019en savoir plus.<\/p><h6 data-start=\"2189\" data-end=\"2506\"><strong>Je vous accompagne \u00e0 votre rythme, en toute transparence, et dans le respect de vos d\u00e9lais et de votre budget.<\/strong><\/h6><p data-start=\"2508\" data-end=\"2753\">Vous avez besoin d\u2019un <a href=\"https:\/\/nobrainnogain.org\/portfolio\/devis\/\"><strong data-start=\"2530\" data-end=\"2539\">devis<\/strong><\/a>, d\u2019un <strong data-start=\"2546\" data-end=\"2563\">renseignement<\/strong> ou juste d\u2019un premier \u00e9change pour mieux d\u00e9finir vos besoins ? Vous souhaitez <strong data-start=\"2654\" data-end=\"2676\">planifier un appel<\/strong>, <strong data-start=\"2678\" data-end=\"2704\">me poser vos questions<\/strong> ou <strong data-start=\"2708\" data-end=\"2733\">discuter de vive voix<\/strong> de votre projet ?<\/p><p data-start=\"2755\" data-end=\"2997\">Si vous \u00eates proche de <a href=\"https:\/\/www.google.com\/maps\/dir\/47.2154112,-1.5368192\/nantes\/@47.2151992,-1.5665055,5789m\/data=!3m2!1e3!4b1!4m9!4m8!1m1!4e1!1m5!1m1!1s0x4805ee81f0a8aead:0x40d37521e0ded30!2m2!1d-1.553621!2d47.218371?entry=ttu&amp;g_ep=EgoyMDI1MDgyNS4wIKXMDSoASAFQAw%3D%3D\" target=\"_blank\" rel=\"noopener\">Nantes<\/a>, rencontrons-nous autour d\u2019un caf\u00e9. Et si vous \u00eates plus loin, aucun souci : une visio, un appel ou quelques \u00e9changes par mail suffisent pour amorcer une belle collaboration.<\/p>\t\t\t\t\t\t\t\t<\/div>\n\t\t\t\t<\/div>\n\t\t\t\t\t<\/div>\n\t\t<\/div>\n\t\t\t\t<div class=\"elementor-column elementor-col-25 elementor-top-column elementor-element elementor-element-6580e3a\" data-id=\"6580e3a\" data-element_type=\"column\" data-e-type=\"column\">\n\t\t\t<div class=\"elementor-widget-wrap elementor-element-populated\">\n\t\t\t\t\t\t<div class=\"elementor-element elementor-element-a5fc12e elementor-widget elementor-widget-heading\" data-id=\"a5fc12e\" data-element_type=\"widget\" data-e-type=\"widget\" data-widget_type=\"heading.default\">\n\t\t\t\t<div class=\"elementor-widget-container\">\n\t\t\t\t\t<h3 class=\"elementor-heading-title elementor-size-default\">Contact d'un graphiste cr\u00e9atif<\/h3>\t\t\t\t<\/div>\n\t\t\t\t<\/div>\n\t\t\t\t<div class=\"elementor-element elementor-element-73c73f0 elementor-invisible elementor-widget elementor-widget-aep-contact-form_7\" data-id=\"73c73f0\" data-element_type=\"widget\" data-e-type=\"widget\" data-settings=\"{&quot;_animation&quot;:&quot;fadeInRight&quot;}\" data-widget_type=\"aep-contact-form_7.default\">\n\t\t\t\t<div class=\"elementor-widget-container\">\n\t\t\t\t\t\t\t   <div class=\"elementor-shortcode aep-cf7 aep-cf7-10595  \">\n\t\t\t\t<h3 class=\"cf7-title\">\n\t\t\t\t\t\t\t\t\t<\/h3>\n\t\t\t    <div class=\"cf7-sub-title\">\n\t\t\t\t\t \n\t\t\t\t<\/div>\n\t\t\t\n<div class=\"wpcf7 no-js\" id=\"wpcf7-f10595-o1\" lang=\"fr-FR\" dir=\"ltr\" data-wpcf7-id=\"10595\">\n<div class=\"screen-reader-response\"><p role=\"status\" aria-live=\"polite\" aria-atomic=\"true\"><\/p> <ul><\/ul><\/div>\n<form action=\"\/portfolio\/wp-json\/wp\/v2\/pages\/530#wpcf7-f10595-o1\" method=\"post\" class=\"wpcf7-form init\" aria-label=\"Formulaire de contact\" enctype=\"multipart\/form-data\" novalidate=\"novalidate\" data-status=\"init\">\n<fieldset class=\"hidden-fields-container\"><input type=\"hidden\" name=\"_wpcf7\" value=\"10595\" \/><input type=\"hidden\" name=\"_wpcf7_version\" value=\"6.1.5\" \/><input type=\"hidden\" name=\"_wpcf7_locale\" value=\"fr_FR\" \/><input type=\"hidden\" name=\"_wpcf7_unit_tag\" value=\"wpcf7-f10595-o1\" \/><input type=\"hidden\" name=\"_wpcf7_container_post\" value=\"0\" \/><input type=\"hidden\" name=\"_wpcf7_posted_data_hash\" value=\"\" \/>\n<\/fieldset>\n<div id=\"formulaire-responsive\" class=\"clearfix\">\n\t<div class=\"rang-form\">\n\t\t<div class=\"demi-colonne\">\n\t\t\t<p><span class=\"wpcf7-form-control-wrap\" data-name=\"text-730\"><input size=\"40\" maxlength=\"400\" class=\"wpcf7-form-control wpcf7-text\" aria-invalid=\"false\" placeholder=\"Nom\" value=\"\" type=\"text\" name=\"text-730\" \/><\/span>\n\t\t\t<\/p>\n\t\t<\/div>\n\t\t<div class=\"demi-colonne\">\n\t\t\t<p><span class=\"wpcf7-form-control-wrap\" data-name=\"text-936\"><input size=\"40\" maxlength=\"400\" class=\"wpcf7-form-control wpcf7-text wpcf7-validates-as-required\" aria-required=\"true\" aria-invalid=\"false\" placeholder=\"Pr\u00e9nom\" value=\"\" type=\"text\" name=\"text-936\" \/><\/span>\n\t\t\t<\/p>\n\t\t<\/div>\n\t<\/div>\n\t<div class=\"rang-form\">\n\t\t<div class=\"demi-colonne\">\n\t\t\t<p><span class=\"wpcf7-form-control-wrap\" data-name=\"email-165\"><input size=\"40\" maxlength=\"400\" class=\"wpcf7-form-control wpcf7-email wpcf7-validates-as-required wpcf7-text wpcf7-validates-as-email\" aria-required=\"true\" aria-invalid=\"false\" placeholder=\"Votre e-mail\" value=\"\" type=\"email\" name=\"email-165\" \/><\/span>\n\t\t\t<\/p>\n\t\t<\/div>\n\t\t<div class=\"demi-colonne\">\n\t\t\t<p><span class=\"wpcf7-form-control-wrap\" data-name=\"tel-995\"><input size=\"40\" maxlength=\"400\" class=\"wpcf7-form-control wpcf7-tel wpcf7-validates-as-required wpcf7-text wpcf7-validates-as-tel\" aria-required=\"true\" aria-invalid=\"false\" placeholder=\"T\u00e9lephone\" value=\"\" type=\"tel\" name=\"tel-995\" \/><\/span>\n\t\t\t<\/p>\n\t\t<\/div>\n\t<\/div>\n\t<div class=\"rang-form\">\n\t\t<div class=\"colonne\">\n\t\t\t<p><span class=\"wpcf7-form-control-wrap\" data-name=\"text-804\"><input size=\"40\" maxlength=\"400\" class=\"wpcf7-form-control wpcf7-text wpcf7-validates-as-required\" aria-required=\"true\" aria-invalid=\"false\" placeholder=\"Sujet\" value=\"\" type=\"text\" name=\"text-804\" \/><\/span>\n\t\t\t<\/p>\n\t\t<\/div>\n\t<\/div>\n\t<div class=\"rang-form\">\n\t\t<div class=\"colonne\">\n\t\t\t<p><span class=\"wpcf7-form-control-wrap\" data-name=\"textarea-99\"><textarea cols=\"40\" rows=\"10\" maxlength=\"2000\" class=\"wpcf7-form-control wpcf7-textarea\" aria-invalid=\"false\" placeholder=\"Votre message\" name=\"textarea-99\"><\/textarea><\/span>\n\t\t\t<\/p>\n\t\t<\/div>\n\t\t<p><label><br \/>\njoindre un fichier <\/label><br \/>\n<span class=\"wpcf7-form-control-wrap\" data-name=\"file-705\"><input size=\"40\" class=\"wpcf7-form-control wpcf7-file\" accept=\".pdf,.doc,.docx,.jpeg,.png,.webp,.zip,.eps,.ai,.psd,.ind,.jpg,.svg,.tif,.gif,.limit:5000000\" aria-invalid=\"false\" type=\"file\" name=\"file-705\" \/><\/span><br \/>\n<span id=\"wpcf7-69f3565114b61-wrapper\" class=\"wpcf7-form-control-wrap honeypot-843-wrap\" ><input type=\"hidden\" name=\"honeypot-843-time-start\" value=\"1777555025\"><input type=\"hidden\" name=\"honeypot-843-time-check\" value=\"30\"><label for=\"wpcf7-69f3565114b61-field\" class=\"hp-message\">Veuillez laisser ce champ vide.<\/label><input id=\"wpcf7-69f3565114b61-field\"  placeholder=\"Veuillez laisser ce champ vide.\"  class=\"wpcf7-form-control wpcf7-text\" type=\"text\" name=\"honeypot-843\" value=\"\" size=\"40\" tabindex=\"-1\" autocomplete=\"off\" \/><\/span>\n\t\t<\/p>\n\t\t<div class=\"rang-form\">\n\t\t\t<div class=\"colonne\">\n\t\t\t\t<p><input class=\"wpcf7-form-control wpcf7-submit has-spinner\" type=\"submit\" value=\"Envoyer\" \/>\n\t\t\t\t<\/p>\n\t\t\t<\/div>\n\t\t<\/div><!--fin de formulaire-responsive-->\n\t<\/div>\n<\/div><p style=\"display: none !important;\" class=\"akismet-fields-container\" data-prefix=\"_wpcf7_ak_\"><label>&#916;<textarea name=\"_wpcf7_ak_hp_textarea\" cols=\"45\" rows=\"8\" maxlength=\"100\"><\/textarea><\/label><input type=\"hidden\" id=\"ak_js_1\" name=\"_wpcf7_ak_js\" value=\"138\"\/><script data-jetpack-boost=\"ignore\" data-jetpack-boost=\"ignore\">\ndocument.getElementById( \"ak_js_1\" ).setAttribute( \"value\", ( new Date() ).getTime() );\n<\/script>\n<\/p><div class=\"wpcf7-response-output\" aria-hidden=\"true\"><\/div>\n<\/form>\n<\/div>\n\t\t   <\/div>\n\t\t\t\t\t\t<\/div>\n\t\t\t\t<\/div>\n\t\t\t\t<div class=\"elementor-element elementor-element-a5d8125 e-transform premium-lottie-svg elementor-widget elementor-widget-premium-lottie\" data-id=\"a5d8125\" data-element_type=\"widget\" data-e-type=\"widget\" data-settings=\"{&quot;lottie_file&quot;:{&quot;url&quot;:&quot;https:\\\/\\\/nobrainnogain.org\\\/portfolio\\\/wp-content\\\/uploads\\\/2025\\\/03\\\/Animation-1741210399959.json&quot;,&quot;id&quot;:5680,&quot;size&quot;:&quot;&quot;,&quot;alt&quot;:&quot;&quot;,&quot;source&quot;:&quot;library&quot;},&quot;trigger&quot;:&quot;none&quot;,&quot;_transform_translateX_effect&quot;:{&quot;unit&quot;:&quot;px&quot;,&quot;size&quot;:0,&quot;sizes&quot;:[]},&quot;_transform_translateY_effect&quot;:{&quot;unit&quot;:&quot;px&quot;,&quot;size&quot;:-50,&quot;sizes&quot;:[]},&quot;_transform_translateX_effect_tablet&quot;:{&quot;unit&quot;:&quot;px&quot;,&quot;size&quot;:&quot;&quot;,&quot;sizes&quot;:[]},&quot;_transform_translateX_effect_mobile&quot;:{&quot;unit&quot;:&quot;px&quot;,&quot;size&quot;:&quot;&quot;,&quot;sizes&quot;:[]},&quot;_transform_translateY_effect_tablet&quot;:{&quot;unit&quot;:&quot;px&quot;,&quot;size&quot;:&quot;&quot;,&quot;sizes&quot;:[]},&quot;_transform_translateY_effect_mobile&quot;:{&quot;unit&quot;:&quot;px&quot;,&quot;size&quot;:&quot;&quot;,&quot;sizes&quot;:[]}}\" data-widget_type=\"premium-lottie.default\">\n\t\t\t\t<div class=\"elementor-widget-container\">\n\t\t\t\t\t\n\t\t<div class=\"premium-lottie-animation\" data-lottie-url=\"https:\/\/nobrainnogain.org\/portfolio\/wp-content\/uploads\/2025\/03\/Animation-1741210399959.json\" data-lottie-loop=\"true\" data-lottie-reverse=\"\" data-lottie-hover=\"\" data-lottie-speed=\"0.4\" data-lottie-render=\"svg\" data-lottie-delay=\"0.1\">\n\t\t\t\t\t<\/div>\n\n\t\t\t\t\t\t<\/div>\n\t\t\t\t<\/div>\n\t\t\t\t\t<\/div>\n\t\t<\/div>\n\t\t\t\t<div class=\"elementor-column elementor-col-25 elementor-top-column elementor-element elementor-element-3b1fff8\" data-id=\"3b1fff8\" data-element_type=\"column\" data-e-type=\"column\">\n\t\t\t<div class=\"elementor-widget-wrap\">\n\t\t\t\t\t\t\t<\/div>\n\t\t<\/div>\n\t\t\t\t\t<\/div>\n\t\t<\/section>\n\t\t\t\t<\/div>\n\t\t","protected":false},"excerpt":{"rendered":"<p>Graphiste\u00e0 Nantes Un projet\u202f? \u00a0cr\u00e9ation d\u2019identit\u00e9 de marque la conception de supports de communication la mise en page de documents cr\u00e9ation de site web illustrations sur-mesure je serais heureux d\u2019\u00e9changer avec vous et de vous accompagner \u00e0 chaque \u00e9tape de votre projet. Mon approche cr\u00e9ative repose avant tout sur l\u2019\u00e9coute. Je prends le temps de [&hellip;]<\/p>\n","protected":false},"author":1,"featured_media":7514,"parent":0,"menu_order":0,"comment_status":"closed","ping_status":"closed","template":"","meta":{"footnotes":""},"class_list":["post-530","page","type-page","status-publish","has-post-thumbnail","hentry"],"jetpack_sharing_enabled":true,"_links":{"self":[{"href":"https:\/\/nobrainnogain.org\/portfolio\/wp-json\/wp\/v2\/pages\/530","targetHints":{"allow":["GET"]}}],"collection":[{"href":"https:\/\/nobrainnogain.org\/portfolio\/wp-json\/wp\/v2\/pages"}],"about":[{"href":"https:\/\/nobrainnogain.org\/portfolio\/wp-json\/wp\/v2\/types\/page"}],"author":[{"embeddable":true,"href":"https:\/\/nobrainnogain.org\/portfolio\/wp-json\/wp\/v2\/users\/1"}],"replies":[{"embeddable":true,"href":"https:\/\/nobrainnogain.org\/portfolio\/wp-json\/wp\/v2\/comments?post=530"}],"version-history":[{"count":2,"href":"https:\/\/nobrainnogain.org\/portfolio\/wp-json\/wp\/v2\/pages\/530\/revisions"}],"predecessor-version":[{"id":13696,"href":"https:\/\/nobrainnogain.org\/portfolio\/wp-json\/wp\/v2\/pages\/530\/revisions\/13696"}],"wp:featuredmedia":[{"embeddable":true,"href":"https:\/\/nobrainnogain.org\/portfolio\/wp-json\/wp\/v2\/media\/7514"}],"wp:attachment":[{"href":"https:\/\/nobrainnogain.org\/portfolio\/wp-json\/wp\/v2\/media?parent=530"}],"curies":[{"name":"wp","href":"https:\/\/api.w.org\/{rel}","templated":true}]}}