{"id":5265,"date":"2025-02-25T20:56:22","date_gmt":"2025-02-25T18:56:22","guid":{"rendered":"https:\/\/nobrainnogain.org\/portfolio\/?page_id=5265"},"modified":"2025-09-14T13:56:25","modified_gmt":"2025-09-14T11:56:25","slug":"mentions-legales","status":"publish","type":"page","link":"https:\/\/nobrainnogain.org\/portfolio\/mentions-legales\/","title":{"rendered":"Mentions l\u00e9gales"},"content":{"rendered":"\t\t<div data-elementor-type=\"wp-page\" data-elementor-id=\"5265\" class=\"elementor elementor-5265\">\n\t\t\t\t\t\t<section class=\"elementor-section elementor-top-section elementor-element elementor-element-51e7b95 elementor-section-full_width elementor-section-height-default elementor-section-height-default\" data-id=\"51e7b95\" data-element_type=\"section\" data-e-type=\"section\">\n\t\t\t\t\t\t<div class=\"elementor-container elementor-column-gap-default\">\n\t\t\t\t\t<div class=\"elementor-column elementor-col-100 elementor-top-column elementor-element elementor-element-1318cd0\" data-id=\"1318cd0\" data-element_type=\"column\" data-e-type=\"column\">\n\t\t\t<div class=\"elementor-widget-wrap elementor-element-populated\">\n\t\t\t\t\t\t<div class=\"elementor-element elementor-element-2ed3024 elementor-widget elementor-widget-heading\" data-id=\"2ed3024\" data-element_type=\"widget\" data-e-type=\"widget\" data-widget_type=\"heading.default\">\n\t\t\t\t<div class=\"elementor-widget-container\">\n\t\t\t\t\t<h1 class=\"elementor-heading-title elementor-size-default\">Mentions l\u00e9gales<\/h1>\t\t\t\t<\/div>\n\t\t\t\t<\/div>\n\t\t\t\t<div class=\"elementor-element elementor-element-6cc75c2 elementor-widget elementor-widget-text-editor\" data-id=\"6cc75c2\" data-element_type=\"widget\" data-e-type=\"widget\" data-widget_type=\"text-editor.default\">\n\t\t\t\t<div class=\"elementor-widget-container\">\n\t\t\t\t\t\t\t\t\t<p>Bienvenue sur No Brain No Gain.\u00a0 J&rsquo;attache une grande importance \u00e0 la protection de vos donn\u00e9es personnelles et \u00e0 votre vie priv\u00e9e. Je collecte, utilise et prot\u00e8ge vos informations personnelles lorsque vous utilisez mon site web.<\/p><h2><strong>1. Collecte des Donn\u00e9es Personnelles<\/strong><\/h2><p>Je ne collecte aucune autre information que celle que vous me fournissez volontairement via les formulaires :<\/p><ul><li>Nom et pr\u00e9nom<\/li><li>Adresse e-mail<\/li><li>Num\u00e9ro de t\u00e9l\u00e9phone<\/li><\/ul><h2><strong>2. Utilisation des Donn\u00e9es<\/strong><\/h2><p>Les informations collect\u00e9es sont utilis\u00e9es pour :<\/p><ul><li>Fournir et g\u00e9rer mes services<\/li><li>R\u00e9pondre \u00e0 vos demandes et questions<\/li><li>Am\u00e9liorer l&rsquo;exp\u00e9rience utilisateur<\/li><li>Envoyer des communications marketing <span style=\"text-decoration: underline;\">si vous y avez consenti<\/span><\/li><li>Respecter nos obligations l\u00e9gales et r\u00e9glementaires<\/li><\/ul><p>\u00a0<\/p><h2><strong>3. Partage et s\u00e9curit\u00e9 des Donn\u00e9es<\/strong><\/h2><p>Je ne vends ni ne loue vos donn\u00e9es personnelles.Je mets en \u0153uvre des mesures de s\u00e9curit\u00e9 techniques et organisationnelles pour prot\u00e9ger vos donn\u00e9es contre l&rsquo;acc\u00e8s non autoris\u00e9, la perte ou l&rsquo;alt\u00e9ration.<\/p><h2><strong>4. Cookies et Technologies Similaires<\/strong><\/h2><p>J&rsquo;utilise des cookies pour am\u00e9liorer votre exp\u00e9rience sur notre site. Vous pouvez modifier vos pr\u00e9f\u00e9rences de cookies \u00e0 tout moment via les param\u00e8tres de votre navigateur.<\/p><h2><strong>5. Vos Droits<\/strong><\/h2><p>Conform\u00e9ment \u00e0 la r\u00e9glementation applicable, vous disposez de plusieurs droits sur vos donn\u00e9es personnelles, notamment :<\/p><ul><li>Droit d&rsquo;acc\u00e8s et de rectification<\/li><li>Droit de suppression<\/li><li>Droit d&rsquo;opposition au traitement<\/li><li>Droit \u00e0 la portabilit\u00e9 des donn\u00e9es<\/li><\/ul><p>Pour exercer vos droits, vous pouvez me contacter.<\/p><h2><strong>6. Contact<\/strong><\/h2><p>Si vous avez des questions concernant cette politique de confidentialit\u00e9, vous pouvez <a href=\"https:\/\/nobrainnogain.org\/portfolio\/contact\/\">me contacter<\/a>.<\/p><h2><strong>7. Propri\u00e9t\u00e9 intellectuelle<\/strong><\/h2><p>L\u2019ensemble du site, y compris sa structure et son contenu (texte+images) est prot\u00e9g\u00e9 par le <a href=\"https:\/\/www.inpi.fr\/comprendre-la-propriete-intellectuelle\/les-autres-modes-de-protection\/le-droit-dauteur\" target=\"_blank\" rel=\"noopener\">droit d\u2019auteur<\/a> et de <a href=\"https:\/\/www.economie.gouv.fr\/apie\/propriete-intellectuelle-publications\/droit-auteur-image-numerique-1#:~:text=Qu%27est%2Dce%20que%20la,images%20ou%20le%20design%20etc.\" target=\"_blank\" rel=\"noopener\">propri\u00e9t\u00e9 intellectuelle<\/a> de l\u2019\u00e9diteur.<\/p>\t\t\t\t\t\t\t\t<\/div>\n\t\t\t\t<\/div>\n\t\t\t\t\t<\/div>\n\t\t<\/div>\n\t\t\t\t\t<\/div>\n\t\t<\/section>\n\t\t\t\t<\/div>\n\t\t","protected":false},"excerpt":{"rendered":"<p>Mentions l\u00e9gales Bienvenue sur No Brain No Gain.\u00a0 J&rsquo;attache une grande importance \u00e0 la protection de vos donn\u00e9es personnelles et \u00e0 votre vie priv\u00e9e. Je collecte, utilise et prot\u00e8ge vos informations personnelles lorsque vous utilisez mon site web. 1. Collecte des Donn\u00e9es Personnelles Je ne collecte aucune autre information que celle que vous me fournissez [&hellip;]<\/p>\n","protected":false},"author":1,"featured_media":9996,"parent":0,"menu_order":0,"comment_status":"closed","ping_status":"closed","template":"","meta":{"footnotes":""},"class_list":["post-5265","page","type-page","status-publish","has-post-thumbnail","hentry"],"jetpack_sharing_enabled":true,"_links":{"self":[{"href":"https:\/\/nobrainnogain.org\/portfolio\/wp-json\/wp\/v2\/pages\/5265","targetHints":{"allow":["GET"]}}],"collection":[{"href":"https:\/\/nobrainnogain.org\/portfolio\/wp-json\/wp\/v2\/pages"}],"about":[{"href":"https:\/\/nobrainnogain.org\/portfolio\/wp-json\/wp\/v2\/types\/page"}],"author":[{"embeddable":true,"href":"https:\/\/nobrainnogain.org\/portfolio\/wp-json\/wp\/v2\/users\/1"}],"replies":[{"embeddable":true,"href":"https:\/\/nobrainnogain.org\/portfolio\/wp-json\/wp\/v2\/comments?post=5265"}],"version-history":[{"count":2,"href":"https:\/\/nobrainnogain.org\/portfolio\/wp-json\/wp\/v2\/pages\/5265\/revisions"}],"predecessor-version":[{"id":11119,"href":"https:\/\/nobrainnogain.org\/portfolio\/wp-json\/wp\/v2\/pages\/5265\/revisions\/11119"}],"wp:featuredmedia":[{"embeddable":true,"href":"https:\/\/nobrainnogain.org\/portfolio\/wp-json\/wp\/v2\/media\/9996"}],"wp:attachment":[{"href":"https:\/\/nobrainnogain.org\/portfolio\/wp-json\/wp\/v2\/media?parent=5265"}],"curies":[{"name":"wp","href":"https:\/\/api.w.org\/{rel}","templated":true}]}}