{"id":5262,"date":"2025-02-25T20:55:54","date_gmt":"2025-02-25T18:55:54","guid":{"rendered":"https:\/\/nobrainnogain.org\/portfolio\/?page_id=5262"},"modified":"2025-09-03T01:12:28","modified_gmt":"2025-09-02T23:12:28","slug":"politique-de-confidentialite","status":"publish","type":"page","link":"https:\/\/nobrainnogain.org\/portfolio\/politique-de-confidentialite\/","title":{"rendered":"Politique de confidentialit\u00e9"},"content":{"rendered":"\t\t<div data-elementor-type=\"wp-page\" data-elementor-id=\"5262\" class=\"elementor elementor-5262\">\n\t\t\t\t\t\t<section class=\"elementor-section elementor-top-section elementor-element elementor-element-19b34b9 elementor-section-full_width elementor-section-height-default elementor-section-height-default\" data-id=\"19b34b9\" data-element_type=\"section\" data-e-type=\"section\">\n\t\t\t\t\t\t<div class=\"elementor-container elementor-column-gap-default\">\n\t\t\t\t\t<div class=\"elementor-column elementor-col-100 elementor-top-column elementor-element elementor-element-a42596d\" data-id=\"a42596d\" data-element_type=\"column\" data-e-type=\"column\">\n\t\t\t<div class=\"elementor-widget-wrap elementor-element-populated\">\n\t\t\t\t\t\t<div class=\"elementor-element elementor-element-ee3669e elementor-widget elementor-widget-heading\" data-id=\"ee3669e\" data-element_type=\"widget\" data-e-type=\"widget\" data-widget_type=\"heading.default\">\n\t\t\t\t<div class=\"elementor-widget-container\">\n\t\t\t\t\t<h2 class=\"elementor-heading-title elementor-size-default\">Politique de confidentialit\u00e9<\/h2>\t\t\t\t<\/div>\n\t\t\t\t<\/div>\n\t\t\t\t<div class=\"elementor-element elementor-element-0c646b6 elementor-widget elementor-widget-text-editor\" data-id=\"0c646b6\" data-element_type=\"widget\" data-e-type=\"widget\" data-widget_type=\"text-editor.default\">\n\t\t\t\t<div class=\"elementor-widget-container\">\n\t\t\t\t\t\t\t\t\t<p>Bienvenue sur mon site web.\u00a0 J\u2019attache une grande importance \u00e0 la protection de vos donn\u00e9es personnelles et \u00e0 votre vie priv\u00e9e. Cette politique de confidentialit\u00e9 explique comment je collecte, utilise et prot\u00e8ge vos informations personnelles lorsque vous utilisez mon site web.<\/p><p><span style=\"text-decoration: underline;\"><strong>1. Collecte des Donn\u00e9es Personnelles<\/strong><\/span><\/p><p>Je collecte certaines informations personnelles lorsque vous utilisez mon site, notamment :<\/p><ul><li>Nom et pr\u00e9nom<\/li><li>Adresse e-mail<\/li><li>Num\u00e9ro de t\u00e9l\u00e9phone<\/li><li>Toute autre information que vous me fournissez volontairement via mes formulaires<\/li><\/ul><p><span style=\"text-decoration: underline;\"><strong>2. Utilisation des Donn\u00e9es<\/strong><\/span><\/p><p>Les informations collect\u00e9es sont utilis\u00e9es pour :<\/p><ul><li>Fournir et g\u00e9rer mes services<\/li><li>R\u00e9pondre \u00e0 vos demandes et questions<\/li><li>Am\u00e9liorer votre exp\u00e9rience utilisateur<\/li><li>Envoyer des communications marketing si vous y avez consenti<\/li><li>Respecter mes obligations l\u00e9gales et r\u00e9glementaires<\/li><\/ul><p><span style=\"text-decoration: underline;\"><strong>3. Partage des Donn\u00e9es<\/strong><\/span><\/p><p>Je ne vends ni ne loue aucune de vos donn\u00e9es personnelles.\u00a0<\/p><p><span style=\"text-decoration: underline;\"><strong>4. S\u00e9curit\u00e9 des Donn\u00e9es<\/strong><\/span><\/p><p>Je mets en \u0153uvre des mesures de s\u00e9curit\u00e9 techniques et organisationnelles pour prot\u00e9ger vos donn\u00e9es contre l&rsquo;acc\u00e8s non autoris\u00e9, la perte ou l&rsquo;alt\u00e9ration.<\/p><p><span style=\"text-decoration: underline;\"><strong>5. Cookies et Technologies Similaires<\/strong><\/span><\/p><p>J\u2019utilise des cookies pour am\u00e9liorer votre exp\u00e9rience sur mon site. Vous pouvez modifier vos pr\u00e9f\u00e9rences de cookies \u00e0 tout moment via les param\u00e8tres de votre navigateur.<\/p><p><span style=\"text-decoration: underline;\"><strong>6. Vos Droits<\/strong><\/span><\/p><p>Conform\u00e9ment \u00e0 la r\u00e9glementation applicable, vous disposez de plusieurs droits sur vos donn\u00e9es personnelles, notamment :<\/p><ul><li>Droit d&rsquo;acc\u00e8s et de rectification<\/li><li>Droit de suppression<\/li><li>Droit d&rsquo;opposition au traitement<\/li><li>Droit \u00e0 la portabilit\u00e9 des donn\u00e9es<\/li><\/ul><p>Pour exercer vos droits, vous pouvez me contacter via le formulaire de contact de ce site.<\/p><p><strong><span style=\"text-decoration: underline;\">7. Modifications de la Politique de Confidentialit\u00e9<\/span><\/strong><\/p><p>Je peux mettre \u00e0 jour cette politique de confidentialit\u00e9 \u00e0 tout moment. La version la plus r\u00e9cente sera toujours disponible sur mon site.<\/p><p><span style=\"text-decoration: underline;\"><strong>8. Contact<\/strong><\/span><\/p><p>Si vous avez des questions concernant cette politique de confidentialit\u00e9, vous pouvez me contacter via le formulaire de <a href=\"https:\/\/nobrainnogain.org\/portfolio\/contact\/\">contact<\/a> de ce site.<\/p><p>Vous pouvez trouver plus d&rsquo;information au sujet de vos droits sur le site de la <a href=\"https:\/\/www.cnil.fr\/fr\" target=\"_blank\" rel=\"noopener\">CNIL<\/a><\/p>\t\t\t\t\t\t\t\t<\/div>\n\t\t\t\t<\/div>\n\t\t\t\t\t<\/div>\n\t\t<\/div>\n\t\t\t\t\t<\/div>\n\t\t<\/section>\n\t\t\t\t<\/div>\n\t\t","protected":false},"excerpt":{"rendered":"<p>Politique de confidentialit\u00e9 Bienvenue sur mon site web.\u00a0 J\u2019attache une grande importance \u00e0 la protection de vos donn\u00e9es personnelles et \u00e0 votre vie priv\u00e9e. Cette politique de confidentialit\u00e9 explique comment je collecte, utilise et prot\u00e8ge vos informations personnelles lorsque vous utilisez mon site web. 1. Collecte des Donn\u00e9es Personnelles Je collecte certaines informations personnelles lorsque [&hellip;]<\/p>\n","protected":false},"author":1,"featured_media":9997,"parent":0,"menu_order":0,"comment_status":"closed","ping_status":"closed","template":"","meta":{"footnotes":""},"class_list":["post-5262","page","type-page","status-publish","has-post-thumbnail","hentry"],"jetpack_sharing_enabled":true,"_links":{"self":[{"href":"https:\/\/nobrainnogain.org\/portfolio\/wp-json\/wp\/v2\/pages\/5262","targetHints":{"allow":["GET"]}}],"collection":[{"href":"https:\/\/nobrainnogain.org\/portfolio\/wp-json\/wp\/v2\/pages"}],"about":[{"href":"https:\/\/nobrainnogain.org\/portfolio\/wp-json\/wp\/v2\/types\/page"}],"author":[{"embeddable":true,"href":"https:\/\/nobrainnogain.org\/portfolio\/wp-json\/wp\/v2\/users\/1"}],"replies":[{"embeddable":true,"href":"https:\/\/nobrainnogain.org\/portfolio\/wp-json\/wp\/v2\/comments?post=5262"}],"version-history":[{"count":2,"href":"https:\/\/nobrainnogain.org\/portfolio\/wp-json\/wp\/v2\/pages\/5262\/revisions"}],"predecessor-version":[{"id":10913,"href":"https:\/\/nobrainnogain.org\/portfolio\/wp-json\/wp\/v2\/pages\/5262\/revisions\/10913"}],"wp:featuredmedia":[{"embeddable":true,"href":"https:\/\/nobrainnogain.org\/portfolio\/wp-json\/wp\/v2\/media\/9997"}],"wp:attachment":[{"href":"https:\/\/nobrainnogain.org\/portfolio\/wp-json\/wp\/v2\/media?parent=5262"}],"curies":[{"name":"wp","href":"https:\/\/api.w.org\/{rel}","templated":true}]}}