{"id":12254,"date":"2026-01-12T10:44:04","date_gmt":"2026-01-12T08:44:04","guid":{"rendered":"https:\/\/nobrainnogain.org\/portfolio\/?p=12254"},"modified":"2026-04-18T21:26:45","modified_gmt":"2026-04-18T19:26:45","slug":"serigraphie-en-live","status":"publish","type":"page","link":"https:\/\/nobrainnogain.org\/portfolio\/serigraphie-en-live\/","title":{"rendered":"S\u00e9rigraphie en live"},"content":{"rendered":"\t\t<div data-elementor-type=\"wp-post\" data-elementor-id=\"12254\" class=\"elementor elementor-12254\">\n\t\t\t\t\t\t<section class=\"elementor-section elementor-top-section elementor-element elementor-element-7fac64a elementor-section-full_width elementor-section-height-default elementor-section-height-default\" data-id=\"7fac64a\" data-element_type=\"section\" data-e-type=\"section\">\n\t\t\t\t\t\t<div class=\"elementor-container elementor-column-gap-default\">\n\t\t\t\t\t<div class=\"elementor-column elementor-col-100 elementor-top-column elementor-element elementor-element-f799e71\" data-id=\"f799e71\" data-element_type=\"column\" data-e-type=\"column\">\n\t\t\t<div class=\"elementor-widget-wrap elementor-element-populated\">\n\t\t\t\t\t\t<div class=\"elementor-element elementor-element-1f2a192 elementor-widget elementor-widget-heading\" data-id=\"1f2a192\" data-element_type=\"widget\" data-e-type=\"widget\" data-widget_type=\"heading.default\">\n\t\t\t\t<div class=\"elementor-widget-container\">\n\t\t\t\t\t<h2 class=\"elementor-heading-title elementor-size-default\">S\u00e9rigraphie en live <\/h2>\t\t\t\t<\/div>\n\t\t\t\t<\/div>\n\t\t\t\t\t<\/div>\n\t\t<\/div>\n\t\t\t\t\t<\/div>\n\t\t<\/section>\n\t\t\t\t<section class=\"elementor-section elementor-top-section elementor-element elementor-element-f18e50e elementor-section-full_width elementor-section-height-default elementor-section-height-default\" data-id=\"f18e50e\" data-element_type=\"section\" data-e-type=\"section\">\n\t\t\t\t\t\t<div class=\"elementor-container elementor-column-gap-default\">\n\t\t\t\t\t<div class=\"elementor-column elementor-col-50 elementor-top-column elementor-element elementor-element-cab82f8\" data-id=\"cab82f8\" data-element_type=\"column\" data-e-type=\"column\">\n\t\t\t<div class=\"elementor-widget-wrap elementor-element-populated\">\n\t\t\t\t\t\t<div class=\"elementor-element elementor-element-ef8d1a9 elementor-widget elementor-widget-text-editor\" data-id=\"ef8d1a9\" data-element_type=\"widget\" data-e-type=\"widget\" data-widget_type=\"text-editor.default\">\n\t\t\t\t<div class=\"elementor-widget-container\">\n\t\t\t\t\t\t\t\t\t<h3><strong>Carte postale et T shirt<\/strong><\/h3><p>Les presses tournent, l\u2019encre claque, les images naissent sous tes yeux. Assiste \u00e0 des sessions de <a href=\"https:\/\/nobrainnogain.org\/portfolio\/blog\/serigraphie-en-direct\/\">s\u00e9rigraphie en direct<\/a>, d\u00e9couvre les coulisses de la cr\u00e9ation graphique. Am\u00e8ne tes fringues et repart avec des v\u00eatements fra\u00eechement imprim\u00e9s et 100% originale !\u00a0<\/p><h3 data-start=\"93\" data-end=\"166\"><strong>Support vari\u00e9 et upcycling\u00a0<\/strong><\/h3><p>Selon le visuel, il est possible que vos usagers ram\u00e8nent leur propre textile ou v\u00eatements pour les faire s\u00e9rigraphier sur place\u202f!\u00a0 \u00a0<\/p>\t\t\t\t\t\t\t\t<\/div>\n\t\t\t\t<\/div>\n\t\t\t\t<section class=\"elementor-section elementor-inner-section elementor-element elementor-element-1c2af5e elementor-section-boxed elementor-section-height-default elementor-section-height-default\" data-id=\"1c2af5e\" data-element_type=\"section\" data-e-type=\"section\">\n\t\t\t\t\t\t<div class=\"elementor-container elementor-column-gap-default\">\n\t\t\t\t\t<div class=\"elementor-column elementor-col-100 elementor-inner-column elementor-element elementor-element-298bfcf\" data-id=\"298bfcf\" data-element_type=\"column\" data-e-type=\"column\">\n\t\t\t<div class=\"elementor-widget-wrap elementor-element-populated\">\n\t\t\t\t\t\t<div class=\"elementor-element elementor-element-52d4349 elementor-widget elementor-widget-image-carousel\" data-id=\"52d4349\" data-element_type=\"widget\" data-e-type=\"widget\" data-settings=\"{&quot;slides_to_show&quot;:&quot;3&quot;,&quot;navigation&quot;:&quot;none&quot;,&quot;lazyload&quot;:&quot;yes&quot;,&quot;autoplay&quot;:&quot;yes&quot;,&quot;autoplay_speed&quot;:5000,&quot;infinite&quot;:&quot;yes&quot;,&quot;speed&quot;:500,&quot;image_spacing_custom&quot;:{&quot;unit&quot;:&quot;px&quot;,&quot;size&quot;:20,&quot;sizes&quot;:[]},&quot;image_spacing_custom_tablet&quot;:{&quot;unit&quot;:&quot;px&quot;,&quot;size&quot;:&quot;&quot;,&quot;sizes&quot;:[]},&quot;image_spacing_custom_mobile&quot;:{&quot;unit&quot;:&quot;px&quot;,&quot;size&quot;:&quot;&quot;,&quot;sizes&quot;:[]}}\" data-widget_type=\"image-carousel.default\">\n\t\t\t\t<div class=\"elementor-widget-container\">\n\t\t\t\t\t\t\t<div class=\"elementor-image-carousel-wrapper swiper\" role=\"region\" aria-roledescription=\"carousel\" aria-label=\"Carrousel d\u2019images\" dir=\"ltr\">\n\t\t\t<div class=\"elementor-image-carousel swiper-wrapper\" aria-live=\"off\">\n\t\t\t\t\t\t\t\t<div class=\"swiper-slide\" role=\"group\" aria-roledescription=\"slide\" aria-label=\"1 sur 7\"><figure class=\"swiper-slide-inner\"><img class=\"swiper-slide-image swiper-lazy\" data-src=\"https:\/\/nobrainnogain.org\/portfolio\/wp-content\/uploads\/2026\/03\/portevent-paysage-4-300x225.webp\" alt=\"portevent paysage 4\" \/><div class=\"swiper-lazy-preloader\"><\/div><\/figure><\/div><div class=\"swiper-slide\" role=\"group\" aria-roledescription=\"slide\" aria-label=\"2 sur 7\"><figure class=\"swiper-slide-inner\"><img class=\"swiper-slide-image swiper-lazy\" data-src=\"https:\/\/nobrainnogain.org\/portfolio\/wp-content\/uploads\/2026\/03\/portevent-paysage-6-300x225.webp\" alt=\"portevent paysage 6\" \/><div class=\"swiper-lazy-preloader\"><\/div><\/figure><\/div><div class=\"swiper-slide\" role=\"group\" aria-roledescription=\"slide\" aria-label=\"3 sur 7\"><figure class=\"swiper-slide-inner\"><img class=\"swiper-slide-image swiper-lazy\" data-src=\"https:\/\/nobrainnogain.org\/portfolio\/wp-content\/uploads\/2026\/03\/portevent-paysage-7-300x225.webp\" alt=\"portevent paysage 7\" \/><div class=\"swiper-lazy-preloader\"><\/div><\/figure><\/div><div class=\"swiper-slide\" role=\"group\" aria-roledescription=\"slide\" aria-label=\"4 sur 7\"><figure class=\"swiper-slide-inner\"><img class=\"swiper-slide-image swiper-lazy\" data-src=\"https:\/\/nobrainnogain.org\/portfolio\/wp-content\/uploads\/2026\/03\/portevent-paysage-3-300x225.webp\" alt=\"portevent paysage 3\" \/><div class=\"swiper-lazy-preloader\"><\/div><\/figure><\/div><div class=\"swiper-slide\" role=\"group\" aria-roledescription=\"slide\" aria-label=\"5 sur 7\"><figure class=\"swiper-slide-inner\"><img class=\"swiper-slide-image swiper-lazy\" data-src=\"https:\/\/nobrainnogain.org\/portfolio\/wp-content\/uploads\/2026\/03\/portevent-paysage-2-300x225.webp\" alt=\"portevent paysage 2\" \/><div class=\"swiper-lazy-preloader\"><\/div><\/figure><\/div><div class=\"swiper-slide\" role=\"group\" aria-roledescription=\"slide\" aria-label=\"6 sur 7\"><figure class=\"swiper-slide-inner\"><img class=\"swiper-slide-image swiper-lazy\" data-src=\"https:\/\/nobrainnogain.org\/portfolio\/wp-content\/uploads\/2026\/03\/portevent-paysage-5-300x225.webp\" alt=\"portevent paysage 5\" \/><div class=\"swiper-lazy-preloader\"><\/div><\/figure><\/div><div class=\"swiper-slide\" role=\"group\" aria-roledescription=\"slide\" aria-label=\"7 sur 7\"><figure class=\"swiper-slide-inner\"><img class=\"swiper-slide-image swiper-lazy\" data-src=\"https:\/\/nobrainnogain.org\/portfolio\/wp-content\/uploads\/2026\/03\/portevent-paysage-1-300x225.webp\" alt=\"portevent paysage 1\" \/><div class=\"swiper-lazy-preloader\"><\/div><\/figure><\/div>\t\t\t<\/div>\n\t\t\t\t\t\t\t\n\t\t\t\t\t\t\t\t\t<\/div>\n\t\t\t\t\t\t<\/div>\n\t\t\t\t<\/div>\n\t\t\t\t<div class=\"elementor-element elementor-element-a3ebd73 elementor-widget elementor-widget-heading\" data-id=\"a3ebd73\" data-element_type=\"widget\" data-e-type=\"widget\" data-widget_type=\"heading.default\">\n\t\t\t\t<div class=\"elementor-widget-container\">\n\t\t\t\t\t<h2 class=\"elementor-heading-title elementor-size-default\">Verrerie s\u00e9rigraphi\u00e9<\/h2>\t\t\t\t<\/div>\n\t\t\t\t<\/div>\n\t\t\t\t\t<\/div>\n\t\t<\/div>\n\t\t\t\t\t<\/div>\n\t\t<\/section>\n\t\t\t\t<section class=\"elementor-section elementor-inner-section elementor-element elementor-element-1daa50c elementor-section-boxed elementor-section-height-default elementor-section-height-default\" data-id=\"1daa50c\" data-element_type=\"section\" data-e-type=\"section\">\n\t\t\t\t\t\t<div class=\"elementor-container elementor-column-gap-default\">\n\t\t\t\t\t<div class=\"elementor-column elementor-col-50 elementor-inner-column elementor-element elementor-element-715f54f\" data-id=\"715f54f\" data-element_type=\"column\" data-e-type=\"column\">\n\t\t\t<div class=\"elementor-widget-wrap elementor-element-populated\">\n\t\t\t\t\t\t<div class=\"elementor-element elementor-element-bb17ad7 elementor-widget elementor-widget-text-editor\" data-id=\"bb17ad7\" data-element_type=\"widget\" data-e-type=\"widget\" data-widget_type=\"text-editor.default\">\n\t\t\t\t<div class=\"elementor-widget-container\">\n\t\t\t\t\t\t\t\t\t<h4><strong>Vous avez de la verrerie,\u00a0et vous d\u00e9sirez la personnaliser ?<\/strong> \u00a0<\/h4><p>Bouteille, carafe, verre \u00e0 bi\u00e8re, verre \u00e0 vin, demi pinte verre \u00e0 mocktail ou \u00e0 <a href=\"https:\/\/fr.wikipedia.org\/wiki\/Shooter_(boisson)\" target=\"_blank\" rel=\"noopener\">shooter<\/a>\u00a0<\/p><p>Pas de probl\u00e8me !<\/p><p>En tant que graphiste et cr\u00e9atif, je peux cr\u00e9er pour vous des visuels qui rendront vos r\u00e9cipients uniques et produiront une exp\u00e9rience utilisateur unique, contribuant \u00e0 cr\u00e9er de l&rsquo;engagement. \u00a0<\/p>\t\t\t\t\t\t\t\t<\/div>\n\t\t\t\t<\/div>\n\t\t\t\t\t<\/div>\n\t\t<\/div>\n\t\t\t\t<div class=\"elementor-column elementor-col-50 elementor-inner-column elementor-element elementor-element-0116b36\" data-id=\"0116b36\" data-element_type=\"column\" data-e-type=\"column\">\n\t\t\t<div class=\"elementor-widget-wrap elementor-element-populated\">\n\t\t\t\t\t\t<div class=\"elementor-element elementor-element-be9ab3d elementor-widget elementor-widget-image\" data-id=\"be9ab3d\" data-element_type=\"widget\" data-e-type=\"widget\" data-widget_type=\"image.default\">\n\t\t\t\t<div class=\"elementor-widget-container\">\n\t\t\t\t\t\t\t\t\t\t\t\t\t\t\t<img fetchpriority=\"high\" decoding=\"async\" width=\"768\" height=\"751\" src=\"https:\/\/nobrainnogain.org\/portfolio\/wp-content\/uploads\/2026\/03\/content-768x751.webp\" class=\"attachment-medium_large size-medium_large wp-image-13728\" alt=\"Verre s\u00e9rigraphi\u00e9\" srcset=\"https:\/\/nobrainnogain.org\/portfolio\/wp-content\/uploads\/2026\/03\/content-768x751.webp 768w, https:\/\/nobrainnogain.org\/portfolio\/wp-content\/uploads\/2026\/03\/content-300x293.webp 300w, https:\/\/nobrainnogain.org\/portfolio\/wp-content\/uploads\/2026\/03\/content-1024x1001.webp 1024w, https:\/\/nobrainnogain.org\/portfolio\/wp-content\/uploads\/2026\/03\/content-600x587.webp 600w, https:\/\/nobrainnogain.org\/portfolio\/wp-content\/uploads\/2026\/03\/content-50x50.webp 50w, https:\/\/nobrainnogain.org\/portfolio\/wp-content\/uploads\/2026\/03\/content.webp 1080w\" sizes=\"(max-width: 768px) 100vw, 768px\" title=\"\">\t\t\t\t\t\t\t\t\t\t\t\t\t\t\t<\/div>\n\t\t\t\t<\/div>\n\t\t\t\t\t<\/div>\n\t\t<\/div>\n\t\t\t\t\t<\/div>\n\t\t<\/section>\n\t\t\t\t<section class=\"elementor-section elementor-inner-section elementor-element elementor-element-833a0b4 elementor-section-boxed elementor-section-height-default elementor-section-height-default\" data-id=\"833a0b4\" data-element_type=\"section\" data-e-type=\"section\">\n\t\t\t\t\t\t<div class=\"elementor-container elementor-column-gap-default\">\n\t\t\t\t\t<div class=\"elementor-column elementor-col-33 elementor-inner-column elementor-element elementor-element-f3e95cc\" data-id=\"f3e95cc\" data-element_type=\"column\" data-e-type=\"column\">\n\t\t\t<div class=\"elementor-widget-wrap\">\n\t\t\t\t\t\t\t<\/div>\n\t\t<\/div>\n\t\t\t\t<div class=\"elementor-column elementor-col-33 elementor-inner-column elementor-element elementor-element-3e72a02\" data-id=\"3e72a02\" data-element_type=\"column\" data-e-type=\"column\">\n\t\t\t<div class=\"elementor-widget-wrap\">\n\t\t\t\t\t\t\t<\/div>\n\t\t<\/div>\n\t\t\t\t<div class=\"elementor-column elementor-col-33 elementor-inner-column elementor-element elementor-element-0354f51\" data-id=\"0354f51\" data-element_type=\"column\" data-e-type=\"column\">\n\t\t\t<div class=\"elementor-widget-wrap\">\n\t\t\t\t\t\t\t<\/div>\n\t\t<\/div>\n\t\t\t\t\t<\/div>\n\t\t<\/section>\n\t\t\t\t\t<\/div>\n\t\t<\/div>\n\t\t\t\t<div class=\"elementor-column elementor-col-50 elementor-top-column elementor-element elementor-element-ff78adf\" data-id=\"ff78adf\" data-element_type=\"column\" data-e-type=\"column\">\n\t\t\t<div class=\"elementor-widget-wrap elementor-element-populated\">\n\t\t\t\t\t\t<section class=\"elementor-section elementor-inner-section elementor-element elementor-element-58c0081 elementor-section-boxed elementor-section-height-default elementor-section-height-default\" data-id=\"58c0081\" data-element_type=\"section\" data-e-type=\"section\">\n\t\t\t\t\t\t<div class=\"elementor-container elementor-column-gap-default\">\n\t\t\t\t\t<div class=\"elementor-column elementor-col-50 elementor-inner-column elementor-element elementor-element-fd370b5\" data-id=\"fd370b5\" data-element_type=\"column\" data-e-type=\"column\">\n\t\t\t<div class=\"elementor-widget-wrap elementor-element-populated\">\n\t\t\t\t\t\t<div class=\"elementor-element elementor-element-e0c09b2 elementor-widget__width-initial elementor-widget elementor-widget-image\" data-id=\"e0c09b2\" data-element_type=\"widget\" data-e-type=\"widget\" data-widget_type=\"image.default\">\n\t\t\t\t<div class=\"elementor-widget-container\">\n\t\t\t\t\t\t\t\t\t\t\t\t\t\t\t<img decoding=\"async\" width=\"768\" height=\"943\" src=\"https:\/\/nobrainnogain.org\/portfolio\/wp-content\/uploads\/2025\/12\/serigraphie-en-live-768x943.webp\" class=\"attachment-medium_large size-medium_large wp-image-12073\" alt=\"serigraphie en live\" srcset=\"https:\/\/nobrainnogain.org\/portfolio\/wp-content\/uploads\/2025\/12\/serigraphie-en-live-768x943.webp 768w, https:\/\/nobrainnogain.org\/portfolio\/wp-content\/uploads\/2025\/12\/serigraphie-en-live-244x300.webp 244w, https:\/\/nobrainnogain.org\/portfolio\/wp-content\/uploads\/2025\/12\/serigraphie-en-live-834x1024.webp 834w, https:\/\/nobrainnogain.org\/portfolio\/wp-content\/uploads\/2025\/12\/serigraphie-en-live-600x737.webp 600w, https:\/\/nobrainnogain.org\/portfolio\/wp-content\/uploads\/2025\/12\/serigraphie-en-live.webp 1024w\" sizes=\"(max-width: 768px) 100vw, 768px\" title=\"\">\t\t\t\t\t\t\t\t\t\t\t\t\t\t\t<\/div>\n\t\t\t\t<\/div>\n\t\t\t\t\t<\/div>\n\t\t<\/div>\n\t\t\t\t<div class=\"elementor-column elementor-col-50 elementor-inner-column elementor-element elementor-element-c08ee58\" data-id=\"c08ee58\" data-element_type=\"column\" data-e-type=\"column\">\n\t\t\t<div class=\"elementor-widget-wrap elementor-element-populated\">\n\t\t\t\t\t\t<div class=\"elementor-element elementor-element-ee29647 elementor-widget elementor-widget-image\" data-id=\"ee29647\" data-element_type=\"widget\" data-e-type=\"widget\" data-widget_type=\"image.default\">\n\t\t\t\t<div class=\"elementor-widget-container\">\n\t\t\t\t\t\t\t\t\t\t\t\t\t\t\t<img decoding=\"async\" width=\"800\" height=\"1000\" src=\"https:\/\/nobrainnogain.org\/portfolio\/wp-content\/uploads\/2026\/01\/portevent--819x1024.webp\" class=\"attachment-large size-large wp-image-12257\" alt=\"S\u00e9rigraphie en live \u00e0 portevent\" srcset=\"https:\/\/nobrainnogain.org\/portfolio\/wp-content\/uploads\/2026\/01\/portevent--819x1024.webp 819w, https:\/\/nobrainnogain.org\/portfolio\/wp-content\/uploads\/2026\/01\/portevent--240x300.webp 240w, https:\/\/nobrainnogain.org\/portfolio\/wp-content\/uploads\/2026\/01\/portevent--768x960.webp 768w, https:\/\/nobrainnogain.org\/portfolio\/wp-content\/uploads\/2026\/01\/portevent--600x750.webp 600w, https:\/\/nobrainnogain.org\/portfolio\/wp-content\/uploads\/2026\/01\/portevent-.webp 1080w\" sizes=\"(max-width: 800px) 100vw, 800px\" title=\"\">\t\t\t\t\t\t\t\t\t\t\t\t\t\t\t<\/div>\n\t\t\t\t<\/div>\n\t\t\t\t\t<\/div>\n\t\t<\/div>\n\t\t\t\t\t<\/div>\n\t\t<\/section>\n\t\t\t\t<div class=\"elementor-element elementor-element-e61a4bb elementor-widget elementor-widget-image-carousel\" data-id=\"e61a4bb\" data-element_type=\"widget\" data-e-type=\"widget\" data-settings=\"{&quot;slides_to_show&quot;:&quot;2&quot;,&quot;slides_to_scroll&quot;:&quot;2&quot;,&quot;navigation&quot;:&quot;none&quot;,&quot;autoplay&quot;:&quot;yes&quot;,&quot;pause_on_hover&quot;:&quot;yes&quot;,&quot;pause_on_interaction&quot;:&quot;yes&quot;,&quot;autoplay_speed&quot;:5000,&quot;infinite&quot;:&quot;yes&quot;,&quot;speed&quot;:500,&quot;image_spacing_custom&quot;:{&quot;unit&quot;:&quot;px&quot;,&quot;size&quot;:20,&quot;sizes&quot;:[]},&quot;image_spacing_custom_tablet&quot;:{&quot;unit&quot;:&quot;px&quot;,&quot;size&quot;:&quot;&quot;,&quot;sizes&quot;:[]},&quot;image_spacing_custom_mobile&quot;:{&quot;unit&quot;:&quot;px&quot;,&quot;size&quot;:&quot;&quot;,&quot;sizes&quot;:[]}}\" data-widget_type=\"image-carousel.default\">\n\t\t\t\t<div class=\"elementor-widget-container\">\n\t\t\t\t\t\t\t<div class=\"elementor-image-carousel-wrapper swiper\" role=\"region\" aria-roledescription=\"carousel\" aria-label=\"Carrousel d\u2019images\" dir=\"ltr\">\n\t\t\t<div class=\"elementor-image-carousel swiper-wrapper\" aria-live=\"off\">\n\t\t\t\t\t\t\t\t<div class=\"swiper-slide\" role=\"group\" aria-roledescription=\"slide\" aria-label=\"1 sur 9\"><figure class=\"swiper-slide-inner\"><img decoding=\"async\" class=\"swiper-slide-image\" src=\"https:\/\/nobrainnogain.org\/portfolio\/wp-content\/uploads\/2026\/03\/portevent-4-768x1365.webp\" alt=\"portevent 4\" title=\"\"><\/figure><\/div><div class=\"swiper-slide\" role=\"group\" aria-roledescription=\"slide\" aria-label=\"2 sur 9\"><figure class=\"swiper-slide-inner\"><img decoding=\"async\" class=\"swiper-slide-image\" src=\"https:\/\/nobrainnogain.org\/portfolio\/wp-content\/uploads\/2026\/03\/portevent-7-768x1365.webp\" alt=\"portevent 7\" title=\"\"><\/figure><\/div><div class=\"swiper-slide\" role=\"group\" aria-roledescription=\"slide\" aria-label=\"3 sur 9\"><figure class=\"swiper-slide-inner\"><img decoding=\"async\" class=\"swiper-slide-image\" src=\"https:\/\/nobrainnogain.org\/portfolio\/wp-content\/uploads\/2026\/03\/portevent-3-768x1365.webp\" alt=\"portevent 3\" title=\"\"><\/figure><\/div><div class=\"swiper-slide\" role=\"group\" aria-roledescription=\"slide\" aria-label=\"4 sur 9\"><figure class=\"swiper-slide-inner\"><img decoding=\"async\" class=\"swiper-slide-image\" src=\"https:\/\/nobrainnogain.org\/portfolio\/wp-content\/uploads\/2026\/03\/portevent-5-768x1365.webp\" alt=\"portevent 5\" title=\"\"><\/figure><\/div><div class=\"swiper-slide\" role=\"group\" aria-roledescription=\"slide\" aria-label=\"5 sur 9\"><figure class=\"swiper-slide-inner\"><img decoding=\"async\" class=\"swiper-slide-image\" src=\"https:\/\/nobrainnogain.org\/portfolio\/wp-content\/uploads\/2026\/03\/portevent-6-768x1365.webp\" alt=\"portevent 6\" title=\"\"><\/figure><\/div><div class=\"swiper-slide\" role=\"group\" aria-roledescription=\"slide\" aria-label=\"6 sur 9\"><figure class=\"swiper-slide-inner\"><img decoding=\"async\" class=\"swiper-slide-image\" src=\"https:\/\/nobrainnogain.org\/portfolio\/wp-content\/uploads\/2026\/03\/portevent-8-768x1365.webp\" alt=\"portevent 8\" title=\"\"><\/figure><\/div><div class=\"swiper-slide\" role=\"group\" aria-roledescription=\"slide\" aria-label=\"7 sur 9\"><figure class=\"swiper-slide-inner\"><img decoding=\"async\" class=\"swiper-slide-image\" src=\"https:\/\/nobrainnogain.org\/portfolio\/wp-content\/uploads\/2026\/03\/portevent-2-768x1365.webp\" alt=\"portevent-2\" title=\"\"><\/figure><\/div><div class=\"swiper-slide\" role=\"group\" aria-roledescription=\"slide\" aria-label=\"8 sur 9\"><figure class=\"swiper-slide-inner\"><img decoding=\"async\" class=\"swiper-slide-image\" src=\"https:\/\/nobrainnogain.org\/portfolio\/wp-content\/uploads\/2026\/03\/Portevent-1-768x1365.webp\" alt=\"Portevent-1\" title=\"\"><\/figure><\/div><div class=\"swiper-slide\" role=\"group\" aria-roledescription=\"slide\" aria-label=\"9 sur 9\"><figure class=\"swiper-slide-inner\"><img decoding=\"async\" class=\"swiper-slide-image\" src=\"https:\/\/nobrainnogain.org\/portfolio\/wp-content\/uploads\/2026\/03\/Portevent-1-1-768x1365.webp\" alt=\"Portevent-1\" title=\"\"><\/figure><\/div>\t\t\t<\/div>\n\t\t\t\t\t\t\t\n\t\t\t\t\t\t\t\t\t<\/div>\n\t\t\t\t\t\t<\/div>\n\t\t\t\t<\/div>\n\t\t\t\t\t<\/div>\n\t\t<\/div>\n\t\t\t\t\t<\/div>\n\t\t<\/section>\n\t\t\t\t<\/div>\n\t\t","protected":false},"excerpt":{"rendered":"<p>S\u00e9rigraphie en live Carte postale et T shirt Les presses tournent, l\u2019encre claque, les images naissent sous tes yeux. Assiste \u00e0 des sessions de s\u00e9rigraphie en direct, d\u00e9couvre les coulisses de la cr\u00e9ation graphique. Am\u00e8ne tes fringues et repart avec des v\u00eatements fra\u00eechement imprim\u00e9s et 100% originale !\u00a0 Support vari\u00e9 et upcycling\u00a0 Selon le visuel, [&hellip;]<\/p>\n","protected":false},"author":1,"featured_media":12257,"parent":0,"menu_order":0,"comment_status":"closed","ping_status":"open","template":"","meta":{"footnotes":""},"class_list":["post-12254","page","type-page","status-publish","has-post-thumbnail","hentry"],"_links":{"self":[{"href":"https:\/\/nobrainnogain.org\/portfolio\/wp-json\/wp\/v2\/pages\/12254","targetHints":{"allow":["GET"]}}],"collection":[{"href":"https:\/\/nobrainnogain.org\/portfolio\/wp-json\/wp\/v2\/pages"}],"about":[{"href":"https:\/\/nobrainnogain.org\/portfolio\/wp-json\/wp\/v2\/types\/page"}],"author":[{"embeddable":true,"href":"https:\/\/nobrainnogain.org\/portfolio\/wp-json\/wp\/v2\/users\/1"}],"replies":[{"embeddable":true,"href":"https:\/\/nobrainnogain.org\/portfolio\/wp-json\/wp\/v2\/comments?post=12254"}],"version-history":[{"count":2,"href":"https:\/\/nobrainnogain.org\/portfolio\/wp-json\/wp\/v2\/pages\/12254\/revisions"}],"predecessor-version":[{"id":13909,"href":"https:\/\/nobrainnogain.org\/portfolio\/wp-json\/wp\/v2\/pages\/12254\/revisions\/13909"}],"wp:featuredmedia":[{"embeddable":true,"href":"https:\/\/nobrainnogain.org\/portfolio\/wp-json\/wp\/v2\/media\/12257"}],"wp:attachment":[{"href":"https:\/\/nobrainnogain.org\/portfolio\/wp-json\/wp\/v2\/media?parent=12254"}],"curies":[{"name":"wp","href":"https:\/\/api.w.org\/{rel}","templated":true}]}}