{"id":10134,"date":"2025-08-22T01:54:45","date_gmt":"2025-08-21T23:54:45","guid":{"rendered":"https:\/\/nobrainnogain.org\/portfolio\/?page_id=10134"},"modified":"2026-02-14T21:08:37","modified_gmt":"2026-02-14T19:08:37","slug":"plan-du-site-graphiste-nantes","status":"publish","type":"page","link":"https:\/\/nobrainnogain.org\/portfolio\/plan-du-site-graphiste-nantes\/","title":{"rendered":"Plan du site graphiste freelance nantes"},"content":{"rendered":"\t\t<div data-elementor-type=\"wp-page\" data-elementor-id=\"10134\" class=\"elementor elementor-10134\">\n\t\t\t\t\t\t<section class=\"elementor-section elementor-top-section elementor-element elementor-element-e415e55 elementor-section-full_width elementor-section-height-default elementor-section-height-default\" data-id=\"e415e55\" data-element_type=\"section\" data-e-type=\"section\">\n\t\t\t\t\t\t<div class=\"elementor-container elementor-column-gap-default\">\n\t\t\t\t\t<div class=\"elementor-column elementor-col-100 elementor-top-column elementor-element elementor-element-002cecf\" data-id=\"002cecf\" data-element_type=\"column\" data-e-type=\"column\">\n\t\t\t<div class=\"elementor-widget-wrap elementor-element-populated\">\n\t\t\t\t\t\t<div class=\"elementor-element elementor-element-f1e2dc3 elementor-widget elementor-widget-heading\" data-id=\"f1e2dc3\" data-element_type=\"widget\" data-e-type=\"widget\" data-widget_type=\"heading.default\">\n\t\t\t\t<div class=\"elementor-widget-container\">\n\t\t\t\t\t<h2 class=\"elementor-heading-title elementor-size-default\">Plan du site<\/h2>\t\t\t\t<\/div>\n\t\t\t\t<\/div>\n\t\t\t\t\t<\/div>\n\t\t<\/div>\n\t\t\t\t\t<\/div>\n\t\t<\/section>\n\t\t\t\t<section class=\"elementor-section elementor-top-section elementor-element elementor-element-f78ba21 elementor-section-full_width elementor-section-height-default elementor-section-height-default\" data-id=\"f78ba21\" data-element_type=\"section\" data-e-type=\"section\">\n\t\t\t\t\t\t<div class=\"elementor-container elementor-column-gap-default\">\n\t\t\t\t\t<div class=\"elementor-column elementor-col-50 elementor-top-column elementor-element elementor-element-683d0d5\" data-id=\"683d0d5\" data-element_type=\"column\" data-e-type=\"column\">\n\t\t\t<div class=\"elementor-widget-wrap elementor-element-populated\">\n\t\t\t\t\t\t<div class=\"elementor-element elementor-element-925e1bd elementor-widget elementor-widget-text-editor\" data-id=\"925e1bd\" data-element_type=\"widget\" data-e-type=\"widget\" data-widget_type=\"text-editor.default\">\n\t\t\t\t<div class=\"elementor-widget-container\">\n\t\t\t\t\t\t\t\t\t<p>Bienvenue sur le plan du site No Brain No Gain ! Vous cherchez une page sp\u00e9cifique ? Ce plan de site vous permet d&rsquo;acc\u00e9der rapidement \u00e0 toutes mes prestations de graphisme, s\u00e9rigraphie, webdesign , motion design et enseignement \u00e0 Nantes. D\u00e9couvrez mes services, mon portfolio,mes cr\u00e9ations artisanales et mes formations en un coup d&rsquo;\u0153il. Une navigation simplifi\u00e9e pour trouver exactement ce dont vous avez besoin.<\/p>\t\t\t\t\t\t\t\t<\/div>\n\t\t\t\t<\/div>\n\t\t\t\t\t<\/div>\n\t\t<\/div>\n\t\t\t\t<div class=\"elementor-column elementor-col-50 elementor-top-column elementor-element elementor-element-96cb7d7\" data-id=\"96cb7d7\" data-element_type=\"column\" data-e-type=\"column\">\n\t\t\t<div class=\"elementor-widget-wrap elementor-element-populated\">\n\t\t\t\t\t\t<div class=\"elementor-element elementor-element-2de4099 hfe-search-layout-icon_text elementor-widget elementor-widget-hfe-search-button\" data-id=\"2de4099\" data-element_type=\"widget\" data-e-type=\"widget\" data-settings=\"{&quot;size&quot;:{&quot;unit&quot;:&quot;px&quot;,&quot;size&quot;:56,&quot;sizes&quot;:[]},&quot;size_tablet&quot;:{&quot;unit&quot;:&quot;px&quot;,&quot;size&quot;:&quot;&quot;,&quot;sizes&quot;:[]},&quot;size_mobile&quot;:{&quot;unit&quot;:&quot;px&quot;,&quot;size&quot;:&quot;&quot;,&quot;sizes&quot;:[]},&quot;icon_size&quot;:{&quot;unit&quot;:&quot;px&quot;,&quot;size&quot;:&quot;16&quot;,&quot;sizes&quot;:[]},&quot;icon_size_tablet&quot;:{&quot;unit&quot;:&quot;px&quot;,&quot;size&quot;:&quot;&quot;,&quot;sizes&quot;:[]},&quot;icon_size_mobile&quot;:{&quot;unit&quot;:&quot;px&quot;,&quot;size&quot;:&quot;&quot;,&quot;sizes&quot;:[]},&quot;button_width&quot;:{&quot;unit&quot;:&quot;px&quot;,&quot;size&quot;:&quot;&quot;,&quot;sizes&quot;:[]},&quot;button_width_tablet&quot;:{&quot;unit&quot;:&quot;px&quot;,&quot;size&quot;:&quot;&quot;,&quot;sizes&quot;:[]},&quot;button_width_mobile&quot;:{&quot;unit&quot;:&quot;px&quot;,&quot;size&quot;:&quot;&quot;,&quot;sizes&quot;:[]},&quot;close_icon_size&quot;:{&quot;unit&quot;:&quot;px&quot;,&quot;size&quot;:&quot;20&quot;,&quot;sizes&quot;:[]},&quot;close_icon_size_tablet&quot;:{&quot;unit&quot;:&quot;px&quot;,&quot;size&quot;:&quot;&quot;,&quot;sizes&quot;:[]},&quot;close_icon_size_mobile&quot;:{&quot;unit&quot;:&quot;px&quot;,&quot;size&quot;:&quot;&quot;,&quot;sizes&quot;:[]}}\" data-widget_type=\"hfe-search-button.default\">\n\t\t\t\t<div class=\"elementor-widget-container\">\n\t\t\t\t\t\t\t<form class=\"hfe-search-button-wrapper\" role=\"search\" action=\"https:\/\/nobrainnogain.org\/portfolio\/\" method=\"get\">\n\n\t\t\t\t\t\t<div class=\"hfe-search-form__container\" role=\"tablist\">\n\t\t\t\t\t\t\t\t\t<input placeholder=\"Que cherchez vous ? logo , serigraphie , site web , contact \" class=\"hfe-search-form__input\" type=\"search\" name=\"s\" title=\"Recherche\" value=\"\">\n\t\t\t\t\t<button id=\"clear-with-button\" type=\"reset\">\n\t\t\t\t\t\t<i class=\"fas fa-times\" aria-hidden=\"true\"><\/i>\n\t\t\t\t\t<\/button>\n\t\t\t\t\t<button class=\"hfe-search-submit\" type=\"submit\">\n\t\t\t\t\t\t<i class=\"fas fa-search\" aria-hidden=\"true\"><\/i>\n\t\t\t\t\t<\/button>\n\t\t\t\t\t\t\t<\/div>\n\t\t\t\t<\/form>\n\t\t\t\t\t\t<\/div>\n\t\t\t\t<\/div>\n\t\t\t\t\t<\/div>\n\t\t<\/div>\n\t\t\t\t\t<\/div>\n\t\t<\/section>\n\t\t\t\t<section class=\"elementor-section elementor-top-section elementor-element elementor-element-c5d0995 elementor-section-full_width elementor-section-height-default elementor-section-height-default\" data-id=\"c5d0995\" data-element_type=\"section\" data-e-type=\"section\">\n\t\t\t\t\t\t<div class=\"elementor-container elementor-column-gap-default\">\n\t\t\t\t\t<div class=\"elementor-column elementor-col-100 elementor-top-column elementor-element elementor-element-971a959\" data-id=\"971a959\" data-element_type=\"column\" data-e-type=\"column\">\n\t\t\t<div class=\"elementor-widget-wrap elementor-element-populated\">\n\t\t\t\t\t\t<div class=\"elementor-element elementor-element-e70b479 elementor-widget elementor-widget-text-editor\" data-id=\"e70b479\" data-element_type=\"widget\" data-e-type=\"widget\" data-widget_type=\"text-editor.default\">\n\t\t\t\t<div class=\"elementor-widget-container\">\n\t\t\t\t\t\t\t\t\t<div class=\"sitemap-section\"><h3>Services de graphisme et cr\u00e9ation<\/h3><ul><li><a href=\"https:\/\/nobrainnogain.org\/portfolio\/logo-3\/\">Cr\u00e9ation de logo et identit\u00e9 visuelle<\/a>\u00a0<span class=\"sitemap-description\">\u2013 Design de marque unique pour entreprises et associations nantaises<\/span><\/li><li><a href=\"https:\/\/nobrainnogain.org\/portfolio\/site-web\/\">Cr\u00e9ation de site web sur mesure<\/a>\u00a0<span class=\"sitemap-description\">\u2013 Webdesign responsive, optimis\u00e9 SEO et accessible<\/span><\/li><li><a href=\"https:\/\/nobrainnogain.org\/portfolio\/mise-en-page\/\">Mise en page \u00e9ditoriale<\/a>\u00a0<span class=\"sitemap-description\">\u2013 Brochures, magazines, catalogues et documents professionnels<\/span><\/li><li><a href=\"https:\/\/nobrainnogain.org\/portfolio\/affiches\/\">Affiches graphiques et posters<\/a>\u00a0<span class=\"sitemap-description\">\u2013 Communication visuelle, \u00e9v\u00e9nementielle et culturelle<\/span><\/li><li><a href=\"https:\/\/nobrainnogain.org\/portfolio\/branding-dynamique\/\">Branding dynamique<\/a>\u00a0<span class=\"sitemap-description\">\u2013 Strat\u00e9gie de marque compl\u00e8te et charte graphique \u00e9volutive<\/span><\/li><li><a href=\"https:\/\/nobrainnogain.org\/portfolio\/typographie-2\/\">Cr\u00e9ation typographique<\/a><br \/><span class=\"sitemap-description\">\u2013 Typographies personnalis\u00e9es, lettering et calligraphie<\/span><\/li><li><a href=\"https:\/\/nobrainnogain.org\/portfolio\/motion-design\/\">Motion design et animation<\/a>\u00a0<span class=\"sitemap-description\">\u2013 Animation graphique, vid\u00e9o et contenus anim\u00e9s<\/span><\/li><li><a href=\"https:\/\/nobrainnogain.org\/portfolio\/reseaux-sociaux\/\">Gestion r\u00e9seaux sociaux<\/a>\u00a0<span class=\"sitemap-description\">\u2013 Content design pour Instagram, LinkedIn et Facebook<\/span><\/li><li><a href=\"https:\/\/nobrainnogain.org\/portfolio\/photos\/\">Photographie et retouche<\/a>\u00a0<span class=\"sitemap-description\">\u2013 Shooting produit, portrait et post-production<\/span><\/li><\/ul><\/div><p><!-- === SECTION 2 : S\u00c9RIGRAPHIE === --><\/p><div class=\"sitemap-section\"><h3>\ufe0f Atelier de s\u00e9rigraphie artisanale \u00e0 Nantes<\/h3><ul><li><a href=\"https:\/\/nobrainnogain.org\/portfolio\/serigraphie\/\">S\u00e9rigraphie textile et papier<\/a>\u00a0<span class=\"sitemap-description\">\u2013 Impressions artisanales en \u00e9dition limit\u00e9e \u00e0 Nantes<\/span><\/li><li><a href=\"https:\/\/nobrainnogain.org\/portfolio\/boutique-serigraphie-creations-nantes\/\">Boutique en ligne<\/a>\u00a0<span class=\"sitemap-description\">\u2013 T-shirts, tote bags, sweats et affiches s\u00e9rigraphi\u00e9es<\/span><\/li><li><a href=\"https:\/\/nobrainnogain.org\/portfolio\/initiation-a-la-serigraphie\/\">Formation s\u00e9rigraphie artisanale<\/a>\u00a0<span class=\"sitemap-description\">\u2013 Ateliers d&rsquo;initiation et perfectionnement en s\u00e9rigraphie<\/span><\/li><li><a href=\"https:\/\/nobrainnogain.org\/portfolio\/tatouage\/\">Flashs tatouage<\/a>\u00a0<span class=\"sitemap-description\">\u2013 Cr\u00e9ations de flashs pour tatoueurs et passionn\u00e9s<\/span><\/li><\/ul><\/div><p><!-- === SECTION 3 : PORTFOLIO === --><\/p><div class=\"sitemap-section\"><h3>Portfolio et r\u00e9alisations<\/h3><ul><li><a href=\"https:\/\/nobrainnogain.org\/portfolio\/portfolio-graphiste-nantes\/\">Portfolio complet<\/a>\u00a0<span class=\"sitemap-description\">\u2013 Tous mes projets graphiques et cr\u00e9ations \u00e0 Nantes<\/span><\/li><li><a href=\"https:\/\/nobrainnogain.org\/portfolio\/\">Page d&rsquo;accueil<\/a>\u00a0<span class=\"sitemap-description\">\u2013 D\u00e9couvrez mon univers cr\u00e9atif et mes derniers travaux<\/span><\/li><li><a href=\"https:\/\/nobrainnogain.org\/portfolio\/graphisme\/\">Cat\u00e9gorie Graphisme<\/a>\u00a0<span class=\"sitemap-description\">\u2013 Vue d&rsquo;ensemble de mes services et comp\u00e9tences graphiques<\/span><\/li><\/ul><\/div><p><!-- === SECTION 4 : \u00c0 PROPOS & CONTACT === --><\/p><div class=\"sitemap-section\"><h3>\u00c0 propos, contact et services<\/h3><ul><li><a href=\"https:\/\/nobrainnogain.org\/portfolio\/graphiste-nantais\/\">\u00c0 propos de moi<\/a>\u00a0<span class=\"sitemap-description\">\u2013 Graphiste freelance, s\u00e9rigraphe et enseignant passionn\u00e9 \u00e0 Nantes<\/span><\/li><li><a href=\"https:\/\/nobrainnogain.org\/portfolio\/enseignement\/\">Enseignement et formations<\/a>\u00a0<span class=\"sitemap-description\">\u2013 Cours de graphisme, workshops cr\u00e9atifs et accompagnement p\u00e9dagogique<\/span><\/li><li><a href=\"https:\/\/nobrainnogain.org\/portfolio\/contact-graphiste-nantes\/\">Contact<\/a>\u00a0<span class=\"sitemap-description\">\u2013 Discutons de votre projet graphique ou s\u00e9rigraphique !<\/span><\/li><li><a href=\"https:\/\/nobrainnogain.org\/portfolio\/devis\/\">Demande de devis gratuit<\/a>\u00a0<span class=\"sitemap-description\">\u2013 Obtenez une estimation rapide pour votre projet \u00e0 Nantes<\/span><\/li><\/ul><\/div><p><!-- === SECTION 5 : INFORMATIONS L\u00c9GALES === --><\/p><div class=\"sitemap-section\"><h3>Informations l\u00e9gales et navigation<\/h3><ul><li><a href=\"https:\/\/nobrainnogain.org\/portfolio\/mentions-legales\/\">Mentions l\u00e9gales<\/a>\u00a0<span class=\"sitemap-description\">\u2013 Informations l\u00e9gales obligatoires et \u00e9dition du site<\/span><\/li><li><a href=\"https:\/\/nobrainnogain.org\/portfolio\/politique-de-confidentialite\/\">Politique de confidentialit\u00e9<\/a>\u00a0<span class=\"sitemap-description\">\u2013 <a href=\"https:\/\/www.cnil.fr\/fr\/reglement-europeen-protection-donnees\" target=\"_blank\" rel=\"noopener\">RGPD<\/a>, cookies et protection de vos donn\u00e9es personnelles<\/span><\/li><li><a href=\"https:\/\/nobrainnogain.org\/portfolio\/plan-de-site\/\">Plan du site<\/a>\u00a0<span class=\"sitemap-description\">\u2013 Cette page : navigation compl\u00e8te au sein du site<\/span><\/li><\/ul><\/div>\t\t\t\t\t\t\t\t<\/div>\n\t\t\t\t<\/div>\n\t\t\t\t\t<\/div>\n\t\t<\/div>\n\t\t\t\t\t<\/div>\n\t\t<\/section>\n\t\t\t\t<\/div>\n\t\t","protected":false},"excerpt":{"rendered":"<p>Plan du site Bienvenue sur le plan du site No Brain No Gain ! Vous cherchez une page sp\u00e9cifique ? Ce plan de site vous permet d&rsquo;acc\u00e9der rapidement \u00e0 toutes mes prestations de graphisme, s\u00e9rigraphie, webdesign , motion design et enseignement \u00e0 Nantes. D\u00e9couvrez mes services, mon portfolio,mes cr\u00e9ations artisanales et mes formations en un [&hellip;]<\/p>\n","protected":false},"author":1,"featured_media":12911,"parent":0,"menu_order":0,"comment_status":"closed","ping_status":"closed","template":"","meta":{"footnotes":""},"class_list":["post-10134","page","type-page","status-publish","has-post-thumbnail","hentry"],"_links":{"self":[{"href":"https:\/\/nobrainnogain.org\/portfolio\/wp-json\/wp\/v2\/pages\/10134","targetHints":{"allow":["GET"]}}],"collection":[{"href":"https:\/\/nobrainnogain.org\/portfolio\/wp-json\/wp\/v2\/pages"}],"about":[{"href":"https:\/\/nobrainnogain.org\/portfolio\/wp-json\/wp\/v2\/types\/page"}],"author":[{"embeddable":true,"href":"https:\/\/nobrainnogain.org\/portfolio\/wp-json\/wp\/v2\/users\/1"}],"replies":[{"embeddable":true,"href":"https:\/\/nobrainnogain.org\/portfolio\/wp-json\/wp\/v2\/comments?post=10134"}],"version-history":[{"count":3,"href":"https:\/\/nobrainnogain.org\/portfolio\/wp-json\/wp\/v2\/pages\/10134\/revisions"}],"predecessor-version":[{"id":12912,"href":"https:\/\/nobrainnogain.org\/portfolio\/wp-json\/wp\/v2\/pages\/10134\/revisions\/12912"}],"wp:featuredmedia":[{"embeddable":true,"href":"https:\/\/nobrainnogain.org\/portfolio\/wp-json\/wp\/v2\/media\/12911"}],"wp:attachment":[{"href":"https:\/\/nobrainnogain.org\/portfolio\/wp-json\/wp\/v2\/media?parent=10134"}],"curies":[{"name":"wp","href":"https:\/\/api.w.org\/{rel}","templated":true}]}}